{"id":3446,"date":"2025-03-13T12:56:13","date_gmt":"2025-03-13T12:56:13","guid":{"rendered":"https:\/\/bodrum.globalcruiseports.com\/social-responsibility\/"},"modified":"2026-02-27T08:23:07","modified_gmt":"2026-02-27T08:23:07","slug":"sosyal-sorumluluk","status":"publish","type":"page","link":"https:\/\/bodrumcruiseport.com\/tr\/sosyal-sorumluluk\/","title":{"rendered":"Sosyal Sorumluluk"},"content":{"rendered":"\r\n\r\n<section\r\n    class=\"section page page-sustainability page-bg-light \">\r\n    <style>\r\n                .page-header-bg {\r\n                    background-image: url(https:\/\/bodrumcruiseport.com\/wp-content\/uploads\/sites\/33\/2025\/05\/social-scaled-1.jpeg);\r\n                    background-size: cover;\r\n                    background-position: center;\r\n                }\r\n\t\t\t\t.hero-content{\r\n\t\t\t\t    top: 50%;\r\n    \t\t\t\tposition: absolute;\r\n    \t\t\t\ttransform: translateY(-50%);\r\n\t\t\t\t}\r\n              <\/style><div class=\"page-header-bg pr\">    <div class=\"container w100\">\r\n        <div class=\"row flex hero-content\">\r\n            <div class=\"cl-12 page-header\">\r\n                <h5>Sosyal Sorumluluk<\/h5>\r\n                <h1>Sosyal Sorumluluk<\/h1>\r\n                <p data-renderer-start-pos=\"256\">Topluluk odakl\u0131 \u00e7al\u0131\u015fmalar\u0131m\u0131z\u0131n s\u00fcrd\u00fcr\u00fclebilir b\u00fcy\u00fcmeyi nas\u0131l te\u015fvik etti\u011fini ve kal\u0131c\u0131 etki yaratt\u0131\u011f\u0131n\u0131 ke\u015ffedin.<\/p>\n                \r\n\r\n                <style>\r\n                    a.cta {\r\n                        border-radius: 2rem;\r\n                        display: flex;\r\n                        align-items: center;\r\n                        width: fit-content;\r\n                        padding: 0.8rem 2.8rem 0.96rem 2.8rem;\r\n                        margin-top: 2rem;\r\n                        color: #fff;\r\n                    }\r\n\r\n                    .hero-content .page-header {\r\n                        display: flex;\r\n                        flex-direction: column;\r\n                        row-gap: 12px;\r\n                    }\r\n\r\n                    .page-header h5{\r\n                        margin-bottom: 0;\r\n                    }\r\n\r\n                    h5 {\r\n                        text-transform: uppercase;\r\n                    }\r\n\r\n                    .page-header p {\r\n                        max-width: 500px;\r\n                        color: #fff;\r\n                    }\r\n\r\n                    .cta:hover {\r\n                        padding-right: 2.8rem !important;\r\n                    }\r\n                <\/style>\r\n            <\/div>\r\n        <\/div>\r\n    <\/div>\r\n    <\/div>\r\n<\/section>\n\n\n\n<section class=\"section section-content-image \" id=\"\">\r\n\t<div class=\"container\">\r\n\t\t<div class=\"row flex align-i-center  flex-row-reverse \">\r\n\t\t\t<div class=\"cl-6\">\r\n\t\t\t\t<img decoding=\"async\" src=\"https:\/\/bodrumcruiseport.com\/wp-content\/uploads\/sites\/33\/2025\/04\/BCP-2.jpeg\" class=\"w100\" alt=\"\" \/>\r\n\t\t\t<\/div>\r\n\t\t\t<div class=\"cl-1\">\r\n\t\t\t\t\r\n\t\t\t<\/div>\r\n\t\t\t<div class=\"cl-5\">\r\n\t\t\t\t<h3><\/h3>\r\n\t\t\t\t<p>Bodrum Cruise Port, b\u00f6lgenin ekonomik b\u00fcy\u00fcmesini desteklemeye ve yerel toplulu\u011fumuzun geli\u015fimine katk\u0131da bulunmaya kararl\u0131d\u0131r. Kurulu\u015fundan bu yana liman yerel i\u015fletmeler, kurulu\u015flar ve payda\u015flarla yak\u0131n i\u015f birli\u011fi i\u00e7inde \u00e7al\u0131\u015farak b\u00f6lgeyi yeniden canland\u0131rmak ve tesislerini geli\u015ftirmek i\u00e7in \u00e7aba sarf etmi\u015ftir. \u00c7abalar\u0131m\u0131z ayn\u0131 zamanda \u00e7evresel s\u00fcrd\u00fcr\u00fclebilirli\u011fe de odaklanmakta olup, do\u011fal kaynaklar\u0131m\u0131z\u0131 korumaya ve ekolojik ayak izimizi en aza indirmek i\u00e7in stratejik yat\u0131r\u0131mlar yapmaya \u00f6nem vermektedir. Yerel halk\u0131n b\u00fcy\u00fcmesini ve g\u00fc\u00e7lenmesini destekleyen programlar\u0131, \u00f6zellikle gen\u00e7lerin geli\u015fimi, giri\u015fimcilik ve yerel sanayilerin te\u015fviki konular\u0131nda desteklemeye devam edece\u011fiz.<\/p>\n\t\t\t\t\t\t\t<\/div>\r\n\t\t<\/div>\r\n\t<\/div>\r\n<\/section>\r\n\n\n\r\n<style>\r\n    .section-social-responsibilities .page-header-bg {\r\n        background-image: url(https:\/\/bodrumcruiseport.com\/wp-content\/uploads\/sites\/33\/2024\/03\/social-responsibilities.jpg);\r\n    }\r\n    .section-social-responsibilities-tab-item ul{\r\n        list-style: disc;\r\n    }\r\n\r\n    .section-social-responsibilities-tab-item ul li{\r\n        margin-left: 2rem;\r\n    }\r\n<\/style>\r\n\r\n\r\n<section\r\n    class=\"section section-social-responsibilities page page-bg-light \"\r\n    id=\"section-social-responsibilities\">\r\n    <div class=\"page-header-bg flex align-i-start justify-c-start\">\r\n        <div class=\"container w100\">\r\n            <div class=\"row flex\">\r\n                <div class=\"cl-12 page-header\">\r\n                    <h3>SOSYAL SORUMLULUK<\/h3>\r\n                    <h1>Toplulu\u011fumuza Ba\u011fl\u0131y\u0131z<\/h1>\r\n                    <p>Toplumlar\u0131 g\u00fc\u00e7lendirmeye, etik i\u015f uygulamalar\u0131na ba\u011fl\u0131 kalmaya ve herkes i\u00e7in olumlu bir gelecek in\u015fa etmeye kararl\u0131y\u0131z. Yolcular\u0131m\u0131z, liman payda\u015flar\u0131m\u0131z ve i\u015f ortaklar\u0131m\u0131zla birlikte y\u00fcr\u00fctt\u00fc\u011f\u00fcm\u00fcz anlaml\u0131 projeler sayesinde kal\u0131c\u0131 etki yaratmay\u0131 hedefliyoruz.<\/p>\r\n                <\/div>\r\n            <\/div>\r\n        <\/div>\r\n    <\/div>\r\n    <div class=\"page-content-wrapper\">\r\n        <div class=\"container\">\r\n            <div class=\"row flex align-i-center justify-c-center\">\r\n                <div class=\"cl-10\">\r\n                    <div class=\"page-bg-white\">\r\n                        <div class=\"section-social-responsibilities-items accordion accordion-ii\">\r\n                                                                <div\r\n                                        class=\"accordion-header accordion-header-sm black-arrow active first-item\">\r\n                                        <div class=\"row flex\">\r\n                                            <div class=\"cl-12\">\r\n                                                Global Run Bodrum 6, 2019                                            <\/div>\r\n                                        <\/div>\r\n                                    <\/div>\r\n                                    <div\r\n                                        class=\"desktop-accordion-content mobile-accordion-content accordion-content active\">\r\n                                        <div class=\"row flex\">\r\n                                            <div class=\"cl-12 accordion-content-light\">\r\n                                                <div class=\"section-social-responsibilities-tab-item\">\r\n                                                    <div class=\"row flex\">\r\n                                                        <div class=\"cl-7\">\r\n                                                            \n<p>Her y\u0131l d\u00fczenlenen Global Run Bodrum, 28 Nisan\u2019da \u201cUmut \u0130\u00e7in Ko\u015f\u201d mottosuyla insanlar\u0131 bir araya getirdi. Global Ports Holding ve Global Yat\u0131r\u0131m Holding\u2019in sponsorlu\u011funda ger\u00e7ekle\u015fen etkinlik; Bodrum\u2019a sportmenlik, rekabet ve kutlama atmosferi katt\u0131. Etkinlik, ko\u015funun ba\u015flang\u0131\u00e7 noktas\u0131 olan Bodrum Cruise Port\u2019un ev sahipli\u011finde ba\u015flad\u0131.<\/p>\n\n\n\n<p>Alt\u0131nc\u0131 y\u0131l\u0131nda Global Run Bodrum, 1700\u2019den fazla kat\u0131l\u0131mc\u0131yla rekor k\u0131rd\u0131. Geleneksel 5K ve 10K ko\u015fular\u0131na ek olarak, bu y\u0131l programa 21K yar\u0131 maraton ko\u015fusu da eklendi. Parkur, Bodrum Cruise Port\u2019tan ba\u015flayarak G\u00fcmbet, Bitez, Myndos Kap\u0131s\u0131 ve Antik Tiyatro\u2019dan ge\u00e7ti. Ko\u015fucular, \u015fehrin tarihi an\u0131tlar\u0131n\u0131 ve g\u00fczel koylar\u0131n\u0131 g\u00f6rme f\u0131rsat\u0131 bulurken, ana caddelerde a\u00e7an bahar \u00e7i\u00e7ekleri yar\u0131\u015fa ayr\u0131 bir renk katt\u0131.<\/p>\n\n\n\n<p>Etkinlikten elde edilen t\u00fcm gelir, g\u00f6rme engelli \u00e7ocuklara ve gen\u00e7lere destek sa\u011flayan Global Run Bodrum\u2019un yard\u0131m orta\u011f\u0131 Par\u0131lt\u0131 Derne\u011fi\u2019ne ba\u011f\u0131\u015fland\u0131.<\/p>\n                                                        <\/div>\r\n                                                        <div class=\"cl-5\">\r\n                                                            <img decoding=\"async\"\r\n                                                                src=\"https:\/\/bodrumcruiseport.com\/wp-content\/uploads\/sites\/33\/2025\/03\/Global-Run-Bodrum-6-2019-.jpeg\" \/>\r\n                                                        <\/div>\r\n                                                    <\/div>\r\n                                                <\/div>\r\n                                            <\/div>\r\n                                        <\/div>\r\n                                    <\/div>\r\n                                                                        <div\r\n                                        class=\"accordion-header accordion-header-sm black-arrow \">\r\n                                        <div class=\"row flex\">\r\n                                            <div class=\"cl-12\">\r\n                                                Global Run Bodrum 5, 2018                                            <\/div>\r\n                                        <\/div>\r\n                                    <\/div>\r\n                                    <div\r\n                                        class=\"desktop-accordion-content mobile-accordion-content accordion-content \">\r\n                                        <div class=\"row flex\">\r\n                                            <div class=\"cl-12 accordion-content-light\">\r\n                                                <div class=\"section-social-responsibilities-tab-item\">\r\n                                                    <div class=\"row flex\">\r\n                                                        <div class=\"cl-7\">\r\n                                                            \n<p>D\u00f6rd\u00fcnc\u00fc kez d\u00fczenlenen Global Run Bodrum, 30 Nisan 2017 Pazar g\u00fcn\u00fc Bodrum Cruise Port\u2019tan ba\u015flad\u0131. \u00c7ocuklar i\u00e7in keyifli bir ko\u015fu ve yeti\u015fkinler i\u00e7in heyecan dolu bir yar\u0131\u015f sunan etkinlik, 1000\u2019den fazla ko\u015fucuyu Bodrum&#8217;da bir araya getirdi. 2017 yar\u0131\u015f\u0131n\u0131n gelirleri Par\u0131lt\u0131 Derne\u011fi ve TOHUM Otizm Vakf\u0131\u2019na ba\u011f\u0131\u015fland\u0131.<\/p>\n                                                        <\/div>\r\n                                                        <div class=\"cl-5\">\r\n                                                            <img decoding=\"async\"\r\n                                                                src=\"https:\/\/bodrumcruiseport.com\/wp-content\/uploads\/sites\/33\/2025\/03\/Global-Run-Bodrum-5-2018.jpg\" \/>\r\n                                                        <\/div>\r\n                                                    <\/div>\r\n                                                <\/div>\r\n                                            <\/div>\r\n                                        <\/div>\r\n                                    <\/div>\r\n                                                                        <div\r\n                                        class=\"accordion-header accordion-header-sm black-arrow \">\r\n                                        <div class=\"row flex\">\r\n                                            <div class=\"cl-12\">\r\n                                                Global Run Bodrum 4, 2017                                            <\/div>\r\n                                        <\/div>\r\n                                    <\/div>\r\n                                    <div\r\n                                        class=\"desktop-accordion-content mobile-accordion-content accordion-content \">\r\n                                        <div class=\"row flex\">\r\n                                            <div class=\"cl-12 accordion-content-light\">\r\n                                                <div class=\"section-social-responsibilities-tab-item\">\r\n                                                    <div class=\"row flex\">\r\n                                                        <div class=\"cl-7\">\r\n                                                            <p>Geleneksel Global Run Bodrum&#8217;un 5.&#8217;si, Bodrum Cruise Port&#8217;un ev sahipli\u011finde ger\u00e7ekle\u015ftirildi. 10K ve 5K yar\u0131\u015flar\u0131nda 1500 ki\u015fiyle rekor kat\u0131l\u0131m sa\u011fland\u0131. Global Yat\u0131r\u0131m Holding taraf\u0131ndan d\u00fczenlenen yar\u0131\u015f, 29 Nisan&#8217;da Bodrum sokaklar\u0131na co\u015fkulu bir festival havas\u0131 katt\u0131. Y\u0131ll\u0131k etkinlikten elde edilen gelirler Par\u0131lt\u0131 Derne\u011fi&#8217;ne ba\u011f\u0131\u015fland\u0131.<\/p>\n                                                        <\/div>\r\n                                                        <div class=\"cl-5\">\r\n                                                            <img decoding=\"async\"\r\n                                                                src=\"https:\/\/bodrumcruiseport.com\/wp-content\/uploads\/sites\/33\/2025\/03\/Global-Run-Bodrum-4-2017.jpg\" \/>\r\n                                                        <\/div>\r\n                                                    <\/div>\r\n                                                <\/div>\r\n                                            <\/div>\r\n                                        <\/div>\r\n                                    <\/div>\r\n                                                                        <div\r\n                                        class=\"accordion-header accordion-header-sm black-arrow \">\r\n                                        <div class=\"row flex\">\r\n                                            <div class=\"cl-12\">\r\n                                                Global Run Bodrum 3, 2016                                            <\/div>\r\n                                        <\/div>\r\n                                    <\/div>\r\n                                    <div\r\n                                        class=\"desktop-accordion-content mobile-accordion-content accordion-content \">\r\n                                        <div class=\"row flex\">\r\n                                            <div class=\"cl-12 accordion-content-light\">\r\n                                                <div class=\"section-social-responsibilities-tab-item\">\r\n                                                    <div class=\"row flex\">\r\n                                                        <div class=\"cl-7\">\r\n                                                            <p>Global Ports Holding, 17 Nisan 2016 Pazar g\u00fcn\u00fc Global Run Bodrum&#8217;u \u00fc\u00e7\u00fcnc\u00fc kez d\u00fczenledi. Bodrum Cruise Port&#8217;un ev sahipli\u011fi yapt\u0131\u011f\u0131 etkinlik, 15-17 Nisan 2016 tarihleri aras\u0131nda yerel sokaklara renkli aktivitelerle co\u015fku getirdi. 1000&#8217;den fazla ko\u015fucu, 10K yar\u0131\u015f parkurunu tamamlamak i\u00e7in Bodrum Cruise Port&#8217;tan start ald\u0131. Geleneksel yard\u0131m ko\u015fusunun gelirleri TO\u00c7EV ve Par\u0131lt\u0131 Derne\u011fi&#8217;ne ba\u011f\u0131\u015fland\u0131.<\/p>\n                                                        <\/div>\r\n                                                        <div class=\"cl-5\">\r\n                                                            <img decoding=\"async\"\r\n                                                                src=\"https:\/\/bodrumcruiseport.com\/wp-content\/uploads\/sites\/33\/2025\/03\/Global-Run-Bodrum-3-2016.jpg\" \/>\r\n                                                        <\/div>\r\n                                                    <\/div>\r\n                                                <\/div>\r\n                                            <\/div>\r\n                                        <\/div>\r\n                                    <\/div>\r\n                                                                        <div\r\n                                        class=\"accordion-header accordion-header-sm black-arrow \">\r\n                                        <div class=\"row flex\">\r\n                                            <div class=\"cl-12\">\r\n                                                Global Run Bodrum 2, 2015                                            <\/div>\r\n                                        <\/div>\r\n                                    <\/div>\r\n                                    <div\r\n                                        class=\"desktop-accordion-content mobile-accordion-content accordion-content \">\r\n                                        <div class=\"row flex\">\r\n                                            <div class=\"cl-12 accordion-content-light\">\r\n                                                <div class=\"section-social-responsibilities-tab-item\">\r\n                                                    <div class=\"row flex\">\r\n                                                        <div class=\"cl-7\">\r\n                                                            <p>Bodrum Cruise Port, Global Run Bodrum&#8217;a ikinci kez ev sahipli\u011fi yapt\u0131. Global Ports Holding taraf\u0131ndan d\u00fczenlenen yar\u0131\u015f, 3 May\u0131s 2015 Pazar g\u00fcn\u00fc Bodrum Cruise Port&#8217;tan ba\u015flad\u0131. Toplamda 1250 ko\u015fucu kapasiteli etkinli\u011fin t\u00fcm kay\u0131t \u00fccretleri Par\u0131lt\u0131 Derne\u011fi&#8217;ne ba\u011f\u0131\u015fland\u0131.<\/p>\n                                                        <\/div>\r\n                                                        <div class=\"cl-5\">\r\n                                                            <img decoding=\"async\"\r\n                                                                src=\"https:\/\/bodrumcruiseport.com\/wp-content\/uploads\/sites\/33\/2025\/03\/Global-Run-Bodrum-2-2015-.jpg\" \/>\r\n                                                        <\/div>\r\n                                                    <\/div>\r\n                                                <\/div>\r\n                                            <\/div>\r\n                                        <\/div>\r\n                                    <\/div>\r\n                                                                        <div\r\n                                        class=\"accordion-header accordion-header-sm black-arrow \">\r\n                                        <div class=\"row flex\">\r\n                                            <div class=\"cl-12\">\r\n                                                Global Run Bodrum, 2014                                            <\/div>\r\n                                        <\/div>\r\n                                    <\/div>\r\n                                    <div\r\n                                        class=\"desktop-accordion-content mobile-accordion-content accordion-content \">\r\n                                        <div class=\"row flex\">\r\n                                            <div class=\"cl-12 accordion-content-light\">\r\n                                                <div class=\"section-social-responsibilities-tab-item\">\r\n                                                    <div class=\"row flex\">\r\n                                                        <div class=\"cl-7\">\r\n                                                            <p>Bodrum Cruise Port, 27 Nisan&#8217;da Global Run Bodrum&#8217;a ev sahipli\u011fi yapt\u0131. Global Ports Holding taraf\u0131ndan d\u00fczenlenen etkinli\u011fin t\u00fcm gelirleri Toplum G\u00f6n\u00fcll\u00fcleri Vakf\u0131&#8217;na ba\u011f\u0131\u015fland\u0131.<\/p>\n                                                        <\/div>\r\n                                                        <div class=\"cl-5\">\r\n                                                            <img decoding=\"async\"\r\n                                                                src=\"https:\/\/bodrumcruiseport.com\/wp-content\/uploads\/sites\/33\/2025\/03\/Global-Run-Bodrum-2014.jpg\" \/>\r\n                                                        <\/div>\r\n                                                    <\/div>\r\n                                                <\/div>\r\n                                            <\/div>\r\n                                        <\/div>\r\n                                    <\/div>\r\n                                                            <\/div>\r\n                    <\/div>\r\n                <\/div>\r\n            <\/div>\r\n        <\/div>\r\n    <\/div>\r\n<\/section>","protected":false},"excerpt":{"rendered":"","protected":false},"author":2,"featured_media":0,"parent":0,"menu_order":61,"comment_status":"closed","ping_status":"closed","template":"","meta":{"_acf_changed":false,"footnotes":""},"class_list":["post-3446","page","type-page","status-publish","hentry"],"acf":[],"_links":{"self":[{"href":"https:\/\/bodrumcruiseport.com\/tr\/wp-json\/wp\/v2\/pages\/3446","targetHints":{"allow":["GET"]}}],"collection":[{"href":"https:\/\/bodrumcruiseport.com\/tr\/wp-json\/wp\/v2\/pages"}],"about":[{"href":"https:\/\/bodrumcruiseport.com\/tr\/wp-json\/wp\/v2\/types\/page"}],"author":[{"embeddable":true,"href":"https:\/\/bodrumcruiseport.com\/tr\/wp-json\/wp\/v2\/users\/2"}],"replies":[{"embeddable":true,"href":"https:\/\/bodrumcruiseport.com\/tr\/wp-json\/wp\/v2\/comments?post=3446"}],"version-history":[{"count":12,"href":"https:\/\/bodrumcruiseport.com\/tr\/wp-json\/wp\/v2\/pages\/3446\/revisions"}],"predecessor-version":[{"id":11679,"href":"https:\/\/bodrumcruiseport.com\/tr\/wp-json\/wp\/v2\/pages\/3446\/revisions\/11679"}],"wp:attachment":[{"href":"https:\/\/bodrumcruiseport.com\/tr\/wp-json\/wp\/v2\/media?parent=3446"}],"curies":[{"name":"wp","href":"https:\/\/api.w.org\/{rel}","templated":true}]}}