{"id":3382,"date":"2024-03-08T00:13:30","date_gmt":"2024-03-08T00:13:30","guid":{"rendered":"https:\/\/bodrum.globalcruiseports.com\/contact\/"},"modified":"2026-02-27T08:27:17","modified_gmt":"2026-02-27T08:27:17","slug":"iletisim","status":"publish","type":"page","link":"https:\/\/bodrumcruiseport.com\/tr\/iletisim\/","title":{"rendered":"\u0130leti\u015fim"},"content":{"rendered":"\r\n\r\n<section class=\"section page page-bg-light \">\r\n\t<style>\r\n                .page-header-bg {\r\n                    background-image: url(https:\/\/bodrumcruiseport.com\/wp-content\/uploads\/sites\/33\/2025\/06\/iletisim.jpg);\r\n                    background-size: cover;\r\n                    background-position: center;\r\n                }\r\n\t\t\t\t.hero-content{\r\n\t\t\t\t    top: 50%;\r\n    \t\t\t\tposition: absolute;\r\n    \t\t\t\ttransform: translateY(-50%);\r\n\t\t\t\t}\r\n              <\/style><div class=\"page-header-bg pr\">\t<div class=\"container w100\">\r\n\t\t<div class=\"row flex hero-content\">\r\n\t\t\t<div class=\"cl-12 page-header\">\r\n\t\t\t\t<h5>\r\n\t\t\t\t\u0130leti\u015fim\t\t\t\t<\/h5>\r\n\t\t\t\t<h1>Bizimle \u0130leti\u015fime Ge\u00e7in<\/h1>\r\n\t\t\t<\/div>\r\n\t\t<\/div>\r\n\t<\/div>\r\n\t<\/div>\r\n<\/section>\n\n\n\n\r\n<section class=\"section section-contact-content page-bg-light\" id=\"contact-page-form\">\r\n\t<div class=\"container\">\r\n\t\t<div class=\"row flex align-i-start justify-c-center\">\r\n\t\t\t<div class=\"cl-5\">\r\n\t\t\t\t<div class=\"contact-content\">\r\n\t\t\t\t\t<h3>Bize Ula\u015f\u0131n<\/h3>\r\n\t\t\t\t\t<div class=\"d-flex flex-row m-b-20 f-s-18\"><strong class=\"lg-w-15\">Adres\u00a0\u00a0<\/strong><\/div>\r\n<div class=\"d-flex flex-row m-b-20 f-s-18\">Kumbah\u00e7e Mah. \u0130skele Cad. 48400 Bodrum, Mu\u011fla &#8211; Turkey<\/div>\r\n<div class=\"d-flex flex-row m-b-20 f-s-18\"><strong class=\"lg-w-15\">E-Mail\u00a0 \u00a0 \u00a0<\/strong><\/div>\r\n<div class=\"d-flex flex-row m-b-20 f-s-18\"><strong><a class=\"primary-color\" href=\"mailto:info@bodrumcruiseport.com\" target=\"_blank\" rel=\"noopener\">info@bodrumcruiseport.com<\/a><\/strong><\/div>\r\n<div class=\"d-flex flex-row m-b-20 f-s-18\"><strong class=\"lg-w-15\">Telefon\u00a0 \u00a0 \u00a0<\/strong><\/div>\r\n<div class=\"d-flex flex-row m-b-20 f-s-18\"><strong><a class=\"primary-color\" href=\"tel:+90 252 316 4872\">+90 252 316 4872<\/a><\/strong><\/div>\r\n<div class=\"d-flex flex-row m-b-20 f-s-18\"><strong class=\"lg-w-15\">Fax <\/strong><\/div>\r\n<div class=\"d-flex flex-row m-b-20 f-s-18\"><strong><a class=\"primary-color\" href=\"tel:+90 252 316 1872\">+90 252 316 1872<\/a><\/strong><\/div>\t\t\t\t<\/div>\r\n\t\t\t\t<div class=\"contact-content\">\r\n\t\t\t\t\t<h3>Acil Durum Konta\u011f\u0131<\/h3>\r\n\t\t\t\t\t<div class=\"page-title-wrap m-t-50 p-t-0i p-b-20i w-auto\"><strong>Erkan \u00d6ztunal\u0131: <a class=\"primary-color\" href=\"tel:00905305174503\">+90 530 517 4503<\/a><\/strong><\/div>\r\n<div class=\"contact-item color-secondGrey\">\r\n<div><strong>Polis: <a class=\"primary-color\" href=\"tel: 112\">112<\/a><\/strong>\r\n<strong>\u0130tfaiye: <a class=\"primary-color\" href=\"tel: 112\">112<\/a><\/strong>\r\n<strong>Ambulans: <a class=\"primary-color\" href=\"tel: 112\">112<\/a><\/strong><\/div>\r\n<\/div>\t\t\t\t<\/div>\r\n\t\t\t<\/div>\r\n\t\t\t<div class=\"cl-7\">\r\n\t\t\t\t<div class=\"contact-form\">\r\n\t\t\t\t\t<div class=\"contact-form-header\">\r\n\t\t\t\t\t\t<h3>Bizimle \u0130leti\u015fime Ge\u00e7in<\/h3>\r\n\t\t\t\t\t\t<p>Sorular\u0131n\u0131z m\u0131 var? Size yard\u0131mc\u0131 olabiliriz. Liman, hizmetlerimiz, i\u015f birli\u011fi f\u0131rsatlar\u0131 ve daha fazlas\u0131 hakk\u0131nda bilgi almak i\u00e7in bizi aray\u0131n veya e-posta g\u00f6nderin.<\/p>\r\n\t\t\t\t\t<\/div>\r\n\t\t\t\t\t\n<div class=\"wpcf7 no-js\" id=\"wpcf7-f4336-o1\" lang=\"tr-TR\" dir=\"ltr\" data-wpcf7-id=\"4336\">\n<div class=\"screen-reader-response\"><p role=\"status\" aria-live=\"polite\" aria-atomic=\"true\"><\/p> <ul><\/ul><\/div>\n<form action=\"\/tr\/wp-json\/wp\/v2\/pages\/3382#wpcf7-f4336-o1\" method=\"post\" class=\"wpcf7-form init\" aria-label=\"\u0130leti\u015fim Formu\" novalidate=\"novalidate\" data-status=\"init\">\n<fieldset class=\"hidden-fields-container\"><input type=\"hidden\" name=\"_wpcf7\" value=\"4336\" \/><input type=\"hidden\" name=\"_wpcf7_version\" value=\"6.1.5\" \/><input type=\"hidden\" name=\"_wpcf7_locale\" value=\"tr_TR\" \/><input type=\"hidden\" name=\"_wpcf7_unit_tag\" value=\"wpcf7-f4336-o1\" \/><input type=\"hidden\" name=\"_wpcf7_container_post\" value=\"0\" \/><input type=\"hidden\" name=\"_wpcf7_posted_data_hash\" value=\"\" \/><input type=\"hidden\" name=\"_wpcf7_recaptcha_response\" value=\"\" \/>\n<\/fieldset>\n<div class=\"row flex form-group\">\n\t<div class=\"cl-6\">\n\t\t<p><span class=\"wpcf7-form-control-wrap\" data-name=\"form-name\"><input size=\"40\" maxlength=\"400\" class=\"wpcf7-form-control wpcf7-text wpcf7-validates-as-required\" aria-required=\"true\" aria-invalid=\"false\" placeholder=\"Ad\" value=\"\" type=\"text\" name=\"form-name\" \/><\/span>\n\t\t<\/p>\n\t<\/div>\n\t<div class=\"cl-6\">\n\t\t<p><span class=\"wpcf7-form-control-wrap\" data-name=\"form-surname\"><input size=\"40\" maxlength=\"400\" class=\"wpcf7-form-control wpcf7-text wpcf7-validates-as-required\" aria-required=\"true\" aria-invalid=\"false\" placeholder=\"Soyad\" value=\"\" type=\"text\" name=\"form-surname\" \/><\/span>\n\t\t<\/p>\n\t<\/div>\n<\/div>\n<div class=\"row flex form-group\">\n\t<div class=\"cl-6\">\n\t\t<p><span class=\"wpcf7-form-control-wrap\" data-name=\"form-email\"><input size=\"40\" maxlength=\"400\" class=\"wpcf7-form-control wpcf7-email wpcf7-validates-as-required wpcf7-text wpcf7-validates-as-email\" aria-required=\"true\" aria-invalid=\"false\" placeholder=\"E-posta Adresi\" value=\"\" type=\"email\" name=\"form-email\" \/><\/span>\n\t\t<\/p>\n\t<\/div>\n\t<div class=\"cl-6\">\n\t\t<p><span class=\"wpcf7-form-control-wrap\" data-name=\"form-phone\"><input size=\"40\" maxlength=\"400\" class=\"wpcf7-form-control wpcf7-tel wpcf7-validates-as-required wpcf7-text wpcf7-validates-as-tel\" aria-required=\"true\" aria-invalid=\"false\" placeholder=\"Telefon Numaras\u0131\" value=\"\" type=\"tel\" name=\"form-phone\" \/><\/span>\n\t\t<\/p>\n\t<\/div>\n<\/div>\n<div class=\"row flex form-group\">\n\t<div class=\"cl-12\">\n\t\t<p><span class=\"wpcf7-form-control-wrap\" data-name=\"form-subject\"><select class=\"wpcf7-form-control wpcf7-select wpcf7-validates-as-required\" aria-required=\"true\" aria-invalid=\"false\" name=\"form-subject\"><option value=\"Konu\">Konu<\/option><option value=\"Liman Hizmetleri\">Liman Hizmetleri<\/option><option value=\"Yat Hizmetleri\">Yat Hizmetleri<\/option><option value=\"Yolcu Hizmetleri\">Yolcu Hizmetleri<\/option><option value=\"M\u00fcrettebat Hizmetleri\">M\u00fcrettebat Hizmetleri<\/option><option value=\"Feribot Hizmetleri\">Feribot Hizmetleri<\/option><\/select><\/span>\n\t\t<\/p>\n\t<\/div>\n<\/div>\n<div class=\"row flex form-group\">\n\t<div class=\"cl-12\">\n\t\t<p><span class=\"wpcf7-form-control-wrap\" data-name=\"form-message\"><textarea cols=\"40\" rows=\"10\" maxlength=\"2000\" class=\"wpcf7-form-control wpcf7-textarea\" aria-invalid=\"false\" placeholder=\"Mesaj\u0131n\u0131z\" name=\"form-message\"><\/textarea><\/span>\n\t\t<\/p>\n\t<\/div>\n<\/div>\n<div class=\"row flex form-group\">\n\t<div class=\"cl-7\">\n\t\t<p><span class=\"wpcf7-form-control-wrap\" data-name=\"form-acceptance\"><span class=\"wpcf7-form-control wpcf7-acceptance\"><span class=\"wpcf7-list-item\"><label><input type=\"checkbox\" name=\"form-acceptance\" value=\"1\" aria-invalid=\"false\" \/><span class=\"wpcf7-list-item-label\">Buraya t\u0131klayarak, ki\u015fisel verilerinizin Gizlilik Bildirimi\u2019nde belirtilen ama\u00e7lar do\u011frultusunda, g\u00fcvenli bir \u015fekilde i\u015flenece\u011fini ve yaln\u0131zca pazarlama ile tan\u0131t\u0131m ileti\u015fimleri de dahil olmak \u00fczere belirlenen ama\u00e7lar i\u00e7in kullan\u0131laca\u011f\u0131n\u0131 kabul etmi\u015f olursunuz. Onay\u0131n\u0131z\u0131 diledi\u011finiz zaman geri \u00e7ekme veya tercihlerinizi g\u00fcncelleme hakk\u0131na sahipsiniz.<\/span><\/label><\/span><\/span><\/span>\n\t\t<\/p>\n\t<\/div>\n\t<div class=\"cl-5\">\n\t\t<p><input class=\"wpcf7-form-control wpcf7-submit has-spinner primary-bg-color\" type=\"submit\" value=\"G\u00d6NDER\" \/>\n\t\t<\/p>\n\t<\/div>\n<\/div><div class=\"wpcf7-response-output\" aria-hidden=\"true\"><\/div>\n<\/form>\n<\/div>\n\t\t\t\t<\/div>\r\n\t\t\t<\/div>\r\n\t\t<\/div>\r\n\t<\/div>\r\n<\/section>\r\n\n\n\r\n<style>\r\n\t.section-contact .page-header-bg {\r\n\t\tbackground-image: url(https:\/\/bodrumcruiseport.com\/wp-content\/uploads\/sites\/33\/2024\/03\/useful-communication.jpg);\r\n\t}\r\n<\/style>\r\n\r\n<section class=\"section section-contact page page-bg-light \">\r\n\t<div class=\"page-header-bg flex align-i-center justify-c-start\">\r\n\t\t<div class=\"container w100\">\r\n\t\t\t<div class=\"row flex\">\r\n\t\t\t\t<div class=\"cl-12 page-header\">\r\n\t\t\t\t\t<h1>Faydal\u0131 \u0130leti\u015fim<\/h1>\r\n\t\t\t\t\t<p>Ekibimizle ve liman i\u015f ortaklar\u0131m\u0131zla ileti\u015fime ge\u00e7mek i\u00e7in bu listeyi g\u00f6r\u00fcnt\u00fcleyin.<\/p>\r\n\t\t\t\t<\/div>\r\n\t\t\t<\/div>\r\n\t\t<\/div>\r\n\t<\/div>\r\n\t<div class=\"page-content-wrapper\">\r\n\t\t<div class=\"container\">\r\n\t\t\t<div class=\"row flex align-i-center justify-c-center\">\r\n\t\t\t\t<div class=\"cl-10\">\r\n\t\t\t\t\t<div class=\"page-bg-white\">\r\n\t\t\t\t\t\t<div class=\"section-contact-useful-communication accordion accordion-ii\">\r\n\t\t\t\t\t\t\t\t\t\t\t\t\t\t\t<div class=\"accordion-header accordion-header-sm black-arrow active first-item\">\r\n\t\t\t\t\t\t\t\t\t<div class=\"row flex\">\r\n\t\t\t\t\t\t\t\t\t\t<div class=\"cl-12\">\r\n\t\t\t\t\t\t\t\t\t\t\tAcil Durum \u0130leti\u015fim Numaralar\u0131\t\t\t\t\t\t\t\t\t\t<\/div>\r\n\t\t\t\t\t\t\t\t\t<\/div>\r\n\t\t\t\t\t\t\t\t<\/div>\r\n\t\t\t\t\t\t\t\t<div class=\"desktop-accordion-content accordion-content active\">\r\n\t\t\t\t\t\t\t\t\t<div class=\"row flex\">\r\n\t\t\t\t\t\t\t\t\t\t<div class=\"cl-12 accordion-content-light\">\r\n\t\t\t\t\t\t\t\t\t\t\t\t\t\t\t\t\t\t\t\t\t\t\t<div class=\"section-contact-useful-communication-tab-item\">\r\n\t\t\t\t\t\t\t\t\t\t\t\t\t<span class=\"title\">Polis<\/span>\r\n\t\t\t\t\t\t\t\t\t\t\t\t\t<span class=\"content\"><p>112<\/p>\n<\/span>\r\n\t\t\t\t\t\t\t\t\t\t\t\t<\/div>\r\n\t\t\t\t\t\t\t\t\t\t\t\t\t\t\t\t\t\t\t\t\t\t\t<div class=\"section-contact-useful-communication-tab-item\">\r\n\t\t\t\t\t\t\t\t\t\t\t\t\t<span class=\"title\">Jandarma<\/span>\r\n\t\t\t\t\t\t\t\t\t\t\t\t\t<span class=\"content\"><p>112<\/p>\n<\/span>\r\n\t\t\t\t\t\t\t\t\t\t\t\t<\/div>\r\n\t\t\t\t\t\t\t\t\t\t\t\t\t\t\t\t\t\t\t\t\t\t\t<div class=\"section-contact-useful-communication-tab-item\">\r\n\t\t\t\t\t\t\t\t\t\t\t\t\t<span class=\"title\">Ambulans<\/span>\r\n\t\t\t\t\t\t\t\t\t\t\t\t\t<span class=\"content\"><p>112<\/p>\n<\/span>\r\n\t\t\t\t\t\t\t\t\t\t\t\t<\/div>\r\n\t\t\t\t\t\t\t\t\t\t\t\t\t\t\t\t\t\t\t\t\t\t\t<div class=\"section-contact-useful-communication-tab-item\">\r\n\t\t\t\t\t\t\t\t\t\t\t\t\t<span class=\"title\">\u0130tfaiye<\/span>\r\n\t\t\t\t\t\t\t\t\t\t\t\t\t<span class=\"content\"><p>112<\/p>\n<\/span>\r\n\t\t\t\t\t\t\t\t\t\t\t\t<\/div>\r\n\t\t\t\t\t\t\t\t\t\t\t\t\t\t\t\t\t\t\t\t\t\t\t<div class=\"section-contact-useful-communication-tab-item\">\r\n\t\t\t\t\t\t\t\t\t\t\t\t\t<span class=\"title\">Trafik Polisi <\/span>\r\n\t\t\t\t\t\t\t\t\t\t\t\t\t<span class=\"content\"><p>112<\/p>\n<\/span>\r\n\t\t\t\t\t\t\t\t\t\t\t\t<\/div>\r\n\t\t\t\t\t\t\t\t\t\t\t\t\t\t\t\t\t\t\t\t\t<\/div>\r\n\t\t\t\t\t\t\t\t\t<\/div>\r\n\t\t\t\t\t\t\t\t<\/div>\r\n\t\t\t\t\t\t\t\t\t\t\t\t\t\t\t<div class=\"accordion-header accordion-header-sm black-arrow \">\r\n\t\t\t\t\t\t\t\t\t<div class=\"row flex\">\r\n\t\t\t\t\t\t\t\t\t\t<div class=\"cl-12\">\r\n\t\t\t\t\t\t\t\t\t\t\t\u00d6nemli \u0130leti\u015fim Numaralar\u0131\t\t\t\t\t\t\t\t\t\t<\/div>\r\n\t\t\t\t\t\t\t\t\t<\/div>\r\n\t\t\t\t\t\t\t\t<\/div>\r\n\t\t\t\t\t\t\t\t<div class=\"desktop-accordion-content accordion-content \">\r\n\t\t\t\t\t\t\t\t\t<div class=\"row flex\">\r\n\t\t\t\t\t\t\t\t\t\t<div class=\"cl-12 accordion-content-light\">\r\n\t\t\t\t\t\t\t\t\t\t\t\t\t\t\t\t\t\t\t\t\t\t\t<div class=\"section-contact-useful-communication-tab-item\">\r\n\t\t\t\t\t\t\t\t\t\t\t\t\t<span class=\"title\">Bodrum Turizm Dan\u0131\u015fma B\u00fcrosu<\/span>\r\n\t\t\t\t\t\t\t\t\t\t\t\t\t<span class=\"content\"><p>+90 (252) 316 10 91<\/p>\n<\/span>\r\n\t\t\t\t\t\t\t\t\t\t\t\t<\/div>\r\n\t\t\t\t\t\t\t\t\t\t\t\t\t\t\t\t\t\t\t\t\t\t\t<div class=\"section-contact-useful-communication-tab-item\">\r\n\t\t\t\t\t\t\t\t\t\t\t\t\t<span class=\"title\">Bodrum Belediyesi<\/span>\r\n\t\t\t\t\t\t\t\t\t\t\t\t\t<span class=\"content\"><p>+90 (252) 316 10 09<\/p>\n<\/span>\r\n\t\t\t\t\t\t\t\t\t\t\t\t<\/div>\r\n\t\t\t\t\t\t\t\t\t\t\t\t\t\t\t\t\t\t\t\t\t\t\t<div class=\"section-contact-useful-communication-tab-item\">\r\n\t\t\t\t\t\t\t\t\t\t\t\t\t<span class=\"title\">Bodrum Valili\u011fi<\/span>\r\n\t\t\t\t\t\t\t\t\t\t\t\t\t<span class=\"content\"><p>+90 (252) 316 10 01<\/p>\n<\/span>\r\n\t\t\t\t\t\t\t\t\t\t\t\t<\/div>\r\n\t\t\t\t\t\t\t\t\t\t\t\t\t\t\t\t\t\t\t\t\t\t\t<div class=\"section-contact-useful-communication-tab-item\">\r\n\t\t\t\t\t\t\t\t\t\t\t\t\t<span class=\"title\">Bodrum Polis Merkezi<\/span>\r\n\t\t\t\t\t\t\t\t\t\t\t\t\t<span class=\"content\"><p>+90 (252) 313 08 42<\/p>\n<\/span>\r\n\t\t\t\t\t\t\t\t\t\t\t\t<\/div>\r\n\t\t\t\t\t\t\t\t\t\t\t\t\t\t\t\t\t\t\t\t\t\t\t<div class=\"section-contact-useful-communication-tab-item\">\r\n\t\t\t\t\t\t\t\t\t\t\t\t\t<span class=\"title\">Posta Ofisi<\/span>\r\n\t\t\t\t\t\t\t\t\t\t\t\t\t<span class=\"content\"><p>+90\u00a0(252) 316 12 12<\/p>\n<\/span>\r\n\t\t\t\t\t\t\t\t\t\t\t\t<\/div>\r\n\t\t\t\t\t\t\t\t\t\t\t\t\t\t\t\t\t\t\t\t\t\t\t<div class=\"section-contact-useful-communication-tab-item\">\r\n\t\t\t\t\t\t\t\t\t\t\t\t\t<span class=\"title\">Bodrum Liman Ba\u015fkanl\u0131\u011f\u0131<\/span>\r\n\t\t\t\t\t\t\t\t\t\t\t\t\t<span class=\"content\"><p>+90 (252) 316 10 98<\/p>\n<\/span>\r\n\t\t\t\t\t\t\t\t\t\t\t\t<\/div>\r\n\t\t\t\t\t\t\t\t\t\t\t\t\t\t\t\t\t\t\t\t\t\t\t<div class=\"section-contact-useful-communication-tab-item\">\r\n\t\t\t\t\t\t\t\t\t\t\t\t\t<span class=\"title\">Bodrum Milas Havaliman\u0131<\/span>\r\n\t\t\t\t\t\t\t\t\t\t\t\t\t<span class=\"content\"><p>+90 (252) 523 01 01<\/p>\n<\/span>\r\n\t\t\t\t\t\t\t\t\t\t\t\t<\/div>\r\n\t\t\t\t\t\t\t\t\t\t\t\t\t\t\t\t\t\t\t\t\t\t\t<div class=\"section-contact-useful-communication-tab-item\">\r\n\t\t\t\t\t\t\t\t\t\t\t\t\t<span class=\"title\">Bodrum Havaliman\u0131 Taksi<\/span>\r\n\t\t\t\t\t\t\t\t\t\t\t\t\t<span class=\"content\"><p>+90\u00a0(252) 523 00 24<\/p>\n<\/span>\r\n\t\t\t\t\t\t\t\t\t\t\t\t<\/div>\r\n\t\t\t\t\t\t\t\t\t\t\t\t\t\t\t\t\t\t\t\t\t\t\t<div class=\"section-contact-useful-communication-tab-item\">\r\n\t\t\t\t\t\t\t\t\t\t\t\t\t<span class=\"title\">Bodrum Otogar\u0131<\/span>\r\n\t\t\t\t\t\t\t\t\t\t\t\t\t<span class=\"content\"><p>+90\u00a0(252) 316 26 37<\/p>\n<\/span>\r\n\t\t\t\t\t\t\t\t\t\t\t\t<\/div>\r\n\t\t\t\t\t\t\t\t\t\t\t\t\t\t\t\t\t\t\t\t\t\t\t<div class=\"section-contact-useful-communication-tab-item\">\r\n\t\t\t\t\t\t\t\t\t\t\t\t\t<span class=\"title\">Bodrum Ye\u015fil Marmaris Feribot Hatt\u0131<\/span>\r\n\t\t\t\t\t\t\t\t\t\t\t\t\t<span class=\"content\"><p>+90 (252) 313 50 45<\/p>\n<\/span>\r\n\t\t\t\t\t\t\t\t\t\t\t\t<\/div>\r\n\t\t\t\t\t\t\t\t\t\t\t\t\t\t\t\t\t\t\t\t\t\t\t<div class=\"section-contact-useful-communication-tab-item\">\r\n\t\t\t\t\t\t\t\t\t\t\t\t\t<span class=\"title\">Bodrum Sealines (Asim Captain) Feribot Hatt\u0131<\/span>\r\n\t\t\t\t\t\t\t\t\t\t\t\t\t<span class=\"content\"><p>+90 (252) 316 22 22<\/p>\n<\/span>\r\n\t\t\t\t\t\t\t\t\t\t\t\t<\/div>\r\n\t\t\t\t\t\t\t\t\t\t\t\t\t\t\t\t\t\t\t\t\t\t\t<div class=\"section-contact-useful-communication-tab-item\">\r\n\t\t\t\t\t\t\t\t\t\t\t\t\t<span class=\"title\">T\u00fcrk Hava Yollar\u0131 Ofisi \u2013 Bodrum Havaliman\u0131<\/span>\r\n\t\t\t\t\t\t\t\t\t\t\t\t\t<span class=\"content\"><p>+90 (252) 523 01 29<\/p>\n<\/span>\r\n\t\t\t\t\t\t\t\t\t\t\t\t<\/div>\r\n\t\t\t\t\t\t\t\t\t\t\t\t\t\t\t\t\t\t\t\t\t\t\t<div class=\"section-contact-useful-communication-tab-item\">\r\n\t\t\t\t\t\t\t\t\t\t\t\t\t<span class=\"title\">T\u00fcrk Hava Yollar\u0131 Ofisi \u2013 Bodrum Merkez<\/span>\r\n\t\t\t\t\t\t\t\t\t\t\t\t\t<span class=\"content\"><p>+90 (252) 317 12 03<\/p>\n<\/span>\r\n\t\t\t\t\t\t\t\t\t\t\t\t<\/div>\r\n\t\t\t\t\t\t\t\t\t\t\t\t\t\t\t\t\t\t\t\t\t\t\t<div class=\"section-contact-useful-communication-tab-item\">\r\n\t\t\t\t\t\t\t\t\t\t\t\t\t<span class=\"title\">Bodrum M\u00fczesi M\u00fcd\u00fcrl\u00fc\u011f\u00fc<\/span>\r\n\t\t\t\t\t\t\t\t\t\t\t\t\t<span class=\"content\"><p>+90 (252) 316 10 95<\/p>\n<\/span>\r\n\t\t\t\t\t\t\t\t\t\t\t\t<\/div>\r\n\t\t\t\t\t\t\t\t\t\t\t\t\t\t\t\t\t\t\t\t\t<\/div>\r\n\t\t\t\t\t\t\t\t\t<\/div>\r\n\t\t\t\t\t\t\t\t<\/div>\r\n\t\t\t\t\t\t\t\t\t\t\t\t\t\t\t<div class=\"accordion-header accordion-header-sm black-arrow \">\r\n\t\t\t\t\t\t\t\t\t<div class=\"row flex\">\r\n\t\t\t\t\t\t\t\t\t\t<div class=\"cl-12\">\r\n\t\t\t\t\t\t\t\t\t\t\tBodrum Sa\u011fl\u0131k Hizmetleri ve Hastaneler\t\t\t\t\t\t\t\t\t\t<\/div>\r\n\t\t\t\t\t\t\t\t\t<\/div>\r\n\t\t\t\t\t\t\t\t<\/div>\r\n\t\t\t\t\t\t\t\t<div class=\"desktop-accordion-content accordion-content \">\r\n\t\t\t\t\t\t\t\t\t<div class=\"row flex\">\r\n\t\t\t\t\t\t\t\t\t\t<div class=\"cl-12 accordion-content-light\">\r\n\t\t\t\t\t\t\t\t\t\t\t\t\t\t\t\t\t\t\t\t\t\t\t<div class=\"section-contact-useful-communication-tab-item\">\r\n\t\t\t\t\t\t\t\t\t\t\t\t\t<span class=\"title\">Bodrum Devlet Hastanesi<\/span>\r\n\t\t\t\t\t\t\t\t\t\t\t\t\t<span class=\"content\"><p>+90 (252) 313 14 20<\/p>\n<\/span>\r\n\t\t\t\t\t\t\t\t\t\t\t\t<\/div>\r\n\t\t\t\t\t\t\t\t\t\t\t\t\t\t\t\t\t\t\t\t\t\t\t<div class=\"section-contact-useful-communication-tab-item\">\r\n\t\t\t\t\t\t\t\t\t\t\t\t\t<span class=\"title\">\u00d6zel Bodrum Hastanesi<\/span>\r\n\t\t\t\t\t\t\t\t\t\t\t\t\t<span class=\"content\"><p>+90\u00a0(252) 313 65 66<\/p>\n<\/span>\r\n\t\t\t\t\t\t\t\t\t\t\t\t<\/div>\r\n\t\t\t\t\t\t\t\t\t\t\t\t\t\t\t\t\t\t\t\t\t\t\t<div class=\"section-contact-useful-communication-tab-item\">\r\n\t\t\t\t\t\t\t\t\t\t\t\t\t<span class=\"title\">\u00d6zel Universal Hastanesi<\/span>\r\n\t\t\t\t\t\t\t\t\t\t\t\t\t<span class=\"content\"><p>+90 (252) 319 15 15<\/p>\n<\/span>\r\n\t\t\t\t\t\t\t\t\t\t\t\t<\/div>\r\n\t\t\t\t\t\t\t\t\t\t\t\t\t\t\t\t\t\t\t\t\t\t\t<div class=\"section-contact-useful-communication-tab-item\">\r\n\t\t\t\t\t\t\t\t\t\t\t\t\t<span class=\"title\">Karia T\u0131p Merkezi<\/span>\r\n\t\t\t\t\t\t\t\t\t\t\t\t\t<span class=\"content\"><p>+90\u00a0(252) 313 62 33<\/p>\n<\/span>\r\n\t\t\t\t\t\t\t\t\t\t\t\t<\/div>\r\n\t\t\t\t\t\t\t\t\t\t\t\t\t\t\t\t\t\t\t\t\t\t\t<div class=\"section-contact-useful-communication-tab-item\">\r\n\t\t\t\t\t\t\t\t\t\t\t\t\t<span class=\"title\">Bodrum Medicare<\/span>\r\n\t\t\t\t\t\t\t\t\t\t\t\t\t<span class=\"content\"><p>+90 (252) 316 70 51<\/p>\n<\/span>\r\n\t\t\t\t\t\t\t\t\t\t\t\t<\/div>\r\n\t\t\t\t\t\t\t\t\t\t\t\t\t\t\t\t\t\t\t\t\t\t\t<div class=\"section-contact-useful-communication-tab-item\">\r\n\t\t\t\t\t\t\t\t\t\t\t\t\t<span class=\"title\">Oralmed<\/span>\r\n\t\t\t\t\t\t\t\t\t\t\t\t\t<span class=\"content\"><p>+90 (252) 316 70 51<\/p>\n<\/span>\r\n\t\t\t\t\t\t\t\t\t\t\t\t<\/div>\r\n\t\t\t\t\t\t\t\t\t\t\t\t\t\t\t\t\t\t\t\t\t\t\t<div class=\"section-contact-useful-communication-tab-item\">\r\n\t\t\t\t\t\t\t\t\t\t\t\t\t<span class=\"title\">Halicarnassos Clinic<\/span>\r\n\t\t\t\t\t\t\t\t\t\t\t\t\t<span class=\"content\"><p>+90 (252) 316 36 35<\/p>\n<\/span>\r\n\t\t\t\t\t\t\t\t\t\t\t\t<\/div>\r\n\t\t\t\t\t\t\t\t\t\t\t\t\t\t\t\t\t\t\t\t\t\t\t<div class=\"section-contact-useful-communication-tab-item\">\r\n\t\t\t\t\t\t\t\t\t\t\t\t\t<span class=\"title\">Vital Med<\/span>\r\n\t\t\t\t\t\t\t\t\t\t\t\t\t<span class=\"content\"><p>+90\u00a0(252) 316 51 07<\/p>\n<\/span>\r\n\t\t\t\t\t\t\t\t\t\t\t\t<\/div>\r\n\t\t\t\t\t\t\t\t\t\t\t\t\t\t\t\t\t\t\t\t\t\t\t<div class=\"section-contact-useful-communication-tab-item\">\r\n\t\t\t\t\t\t\t\t\t\t\t\t\t<span class=\"title\">G\u00fcmbet Medicare<\/span>\r\n\t\t\t\t\t\t\t\t\t\t\t\t\t<span class=\"content\"><p>+90 (252) 316 98 82<\/p>\n<\/span>\r\n\t\t\t\t\t\t\t\t\t\t\t\t<\/div>\r\n\t\t\t\t\t\t\t\t\t\t\t\t\t\t\t\t\t\t\t\t\t\t\t<div class=\"section-contact-useful-communication-tab-item\">\r\n\t\t\t\t\t\t\t\t\t\t\t\t\t<span class=\"title\">Bitez Medicare<\/span>\r\n\t\t\t\t\t\t\t\t\t\t\t\t\t<span class=\"content\"><p>+90\u00a0(252) 343 18 13<\/p>\n<\/span>\r\n\t\t\t\t\t\t\t\t\t\t\t\t<\/div>\r\n\t\t\t\t\t\t\t\t\t\t\t\t\t\t\t\t\t\t\t\t\t<\/div>\r\n\t\t\t\t\t\t\t\t\t<\/div>\r\n\t\t\t\t\t\t\t\t<\/div>\r\n\t\t\t\t\t\t\t\t\t\t\t\t\t<\/div>\r\n\t\t\t\t\t<\/div>\r\n\t\t\t\t<\/div>\r\n\t\t\t<\/div>\r\n\t\t<\/div>\r\n\t<\/div>\r\n<\/section>\r\n\r\n\r\n\r\n<script>\r\n\tdocument.addEventListener(\"DOMContentLoaded\", function() {\r\n\t\tif (window.innerWidth <= 600) {\r\n\t\t\tdocument.querySelectorAll(\".accordion\").forEach(function(accordion) {\r\n\t\t\t\tconst headers = accordion.querySelectorAll(\".accordion-header\");\r\n\t\t\t\tlet contents = accordion.querySelectorAll(\".desktop-accordion-content\");\r\n\t\t\t\theaders.forEach((header, index) => {\r\n\t\t\t\t\theader.addEventListener(\"click\", function() {\r\n\t\t\t\t\t\tif (contents[index].classList.contains(\"active\")) {\r\n\t\t\t\t\t\t\tcontents[index].classList.remove(\"active\");\r\n\t\t\t\t\t\t\theader.classList.remove(\"active\");\r\n\t\t\t\t\t\t} else {\r\n\t\t\t\t\t\t\tcontents.forEach((c) => c.classList.remove(\"active\"));\r\n\t\t\t\t\t\t\theaders.forEach((h) => h.classList.remove(\"active\"));\r\n\t\t\t\t\t\t\tcontents[index].classList.add(\"active\");\r\n\t\t\t\t\t\t\theader.classList.add(\"active\");\r\n\t\t\t\t\t\t}\r\n\t\t\t\t\t});\r\n\t\t\t\t});\r\n\t\t\t});\r\n\t\t}\r\n\t});\r\n<\/script>","protected":false},"excerpt":{"rendered":"","protected":false},"author":1,"featured_media":0,"parent":0,"menu_order":11,"comment_status":"closed","ping_status":"closed","template":"","meta":{"_acf_changed":false,"footnotes":""},"class_list":["post-3382","page","type-page","status-publish","hentry"],"acf":[],"_links":{"self":[{"href":"https:\/\/bodrumcruiseport.com\/tr\/wp-json\/wp\/v2\/pages\/3382","targetHints":{"allow":["GET"]}}],"collection":[{"href":"https:\/\/bodrumcruiseport.com\/tr\/wp-json\/wp\/v2\/pages"}],"about":[{"href":"https:\/\/bodrumcruiseport.com\/tr\/wp-json\/wp\/v2\/types\/page"}],"author":[{"embeddable":true,"href":"https:\/\/bodrumcruiseport.com\/tr\/wp-json\/wp\/v2\/users\/1"}],"replies":[{"embeddable":true,"href":"https:\/\/bodrumcruiseport.com\/tr\/wp-json\/wp\/v2\/comments?post=3382"}],"version-history":[{"count":25,"href":"https:\/\/bodrumcruiseport.com\/tr\/wp-json\/wp\/v2\/pages\/3382\/revisions"}],"predecessor-version":[{"id":11684,"href":"https:\/\/bodrumcruiseport.com\/tr\/wp-json\/wp\/v2\/pages\/3382\/revisions\/11684"}],"wp:attachment":[{"href":"https:\/\/bodrumcruiseport.com\/tr\/wp-json\/wp\/v2\/media?parent=3382"}],"curies":[{"name":"wp","href":"https:\/\/api.w.org\/{rel}","templated":true}]}}