{"id":3375,"date":"2024-03-10T15:14:41","date_gmt":"2024-03-10T15:14:41","guid":{"rendered":"https:\/\/bodrum.globalcruiseports.com\/parking\/"},"modified":"2026-03-13T14:39:34","modified_gmt":"2026-03-13T14:39:34","slug":"otopark","status":"publish","type":"page","link":"https:\/\/bodrumcruiseport.com\/tr\/otopark\/","title":{"rendered":"Otopark"},"content":{"rendered":"\r\n<section class=\"section page page-bg-light  \">\r\n\t<style>\r\n                .page-header-bg {\r\n                    background-image: url(https:\/\/bodrumcruiseport.com\/wp-content\/uploads\/sites\/33\/2025\/05\/DJI_0351-1-scaled-1.jpg);\r\n                    background-size: cover;\r\n                    background-position: center;\r\n                }\r\n\t\t\t\t.hero-content{\r\n\t\t\t\t    top: 50%;\r\n    \t\t\t\tposition: absolute;\r\n    \t\t\t\ttransform: translateY(-50%);\r\n\t\t\t\t}\r\n              <\/style><div class=\"page-header-bg pr\">\t<div class=\"container w100\">\r\n\t\t<div class=\"row flex hero-content\">\r\n\t\t\t<div class=\"cl-12 page-header\">\r\n\t\t\t\t<h5>Otopark<\/h5>\r\n\t\t\t\t<h1>Otopark<\/h1>\r\n\t\t\t<\/div>\r\n\t\t<\/div>\r\n\t<\/div>\r\n\t<\/div>\r\n<\/section>\r\n\r\n<section class=\"section pb-6\">\r\n\t<div class=\"schedule-container\">\r\n\t\t<div class=\"container\">\r\n\t\t\t<div class=\"row flex align-i-center justify-c-center\">\r\n\t\t\t\t<div class=\"cl-12\">\r\n\t\t\t\t\t<div class=\"\">\r\n\t\t\t\t\t\t<div class=\"row flex page-sub-menu\">\r\n\t\t\t\t\t\t\t<div class=\"cl-12\">\r\n\t\t\t\t\t\t\t\t<nav class=\"menu-class\"><ul id=\"menu-transportation-parking\" class=\"menu flex align-i-center justify-c-center\"><li id=\"menu-item-1043\" class=\"menu-item menu-item-type-post_type menu-item-object-page menu-item-1043\"><a href=\"https:\/\/bodrumcruiseport.com\/transportation\/\">Ula\u015f\u0131m<\/a><\/li>\n<li id=\"menu-item-1044\" class=\"menu-item menu-item-type-post_type menu-item-object-page menu-item-1044\"><a href=\"https:\/\/bodrumcruiseport.com\/parking\/\">Otopark<\/a><\/li>\n<\/ul><\/nav>\t\t\t\t\t\t\t<\/div>\r\n\t\t\t\t\t\t<\/div>\r\n\t\t\t\t\t\t<div class=\"row flex align-i-center\">\r\n\t\t\t\t\t\t\t<div class=\"cl-5\">\r\n\t\t\t\t\t\t\t\t<h2>\r\n\t\t\t\t\t\t\t\t\tMaceran\u0131z \t\t\t\t\t\t\t\t\t<br>\r\n\t\t\t\t\t\t\t\t\t<span class=\"primary-color\">Burada Ba\u015fl\u0131yor<\/span>\r\n\t\t\t\t\t\t\t\t<\/h2>\r\n\t\t\t\t\t\t\t<\/div>\r\n\t\t\t\t\t\t\t<div class=\"cl-7\">\r\n\t\t\t\t\t\t\t\t<p class=\"grey-color\">Bodrum Cruise Port&#8217;taki ula\u015f\u0131m ve otopark se\u00e7eneklerini ke\u015ffedin. Ziyaret\u00e7iler ve misafirler i\u00e7in liman i\u00e7inde otopark mevcuttur.<\/p>\r\n\t\t\t\t\t\t\t<\/div>\r\n\t\t\t\t\t\t<\/div>\r\n\t\t\t\t\t\t<div class=\"row flex parking-booking-wrapper align-i-center\">\r\n\t\t\t\t\t\t\t<div class=\"cl-4\">\r\n\t\t\t\t\t\t\t\t<h3>Bodrum Cruise Port&#8217;ta Otopark<\/h3>\r\n\t\t\t\t\t\t\t\t<p><p>Sizin i\u00e7in kolayl\u0131k sa\u011flayacak \u015fekilde, Bodrum Cruise Port&#8217;ta otopark imkan\u0131 sunulmaktad\u0131r. Arac\u0131n\u0131zla geliyorsan\u0131z veya konaklaman\u0131z boyunca ara\u00e7 kiralayacaksan\u0131z, liman i\u00e7inde kolayca park edebilir ve hem limana hem de \u00e7evredeki \u00f6nemli noktalara h\u0131zl\u0131ca ula\u015fabilirsiniz.<\/p>\n<\/p>\r\n\t\t\t\t\t\t\t\t\r\n\t\t\t\t\t\t\t<\/div>\r\n\t\t\t\t\t\t\t<div class=\"cl-7 offset-1\">\r\n\t\t\t\t\t\t\t\t<img decoding=\"async\" src=\"https:\/\/bodrumcruiseport.com\/wp-content\/uploads\/sites\/33\/2024\/04\/parking-booking.jpg\" class=\"w100\" alt=\"\" \/>\r\n\t\t\t\t\t\t\t<\/div>\r\n\t\t\t\t\t\t<\/div>\r\n\t\t\t\t\t<\/div>\r\n\t\t\t\t<\/div>\r\n\t\t\t<\/div>\r\n\t\t<\/div>\r\n\t<\/div>\r\n<\/section>\r\n\r\n\r\n\n\n\r\n<style>\r\n\t.section-social-responsibilities .page-header-bg {\r\n\t\tbackground-image: url('https:\/\/bodrumcruiseport.com\/wp-content\/uploads\/sites\/33\/2024\/04\/parking-prices-bg.jpg');\r\n\t}\r\n<\/style>\r\n\r\n\t<section\r\n\t\tclass=\"section section-social-responsibilities section-parking-prices-list page page-bg-light \"\r\n\t\tid=\"parking-tariff\">\r\n\t\t<div class=\"page-header-bg flex align-i-start justify-c-start\">\r\n\t\t\t<div class=\"container w100\">\r\n\t\t\t\t<div class=\"row flex\">\r\n\t\t\t\t\t<div class=\"cl-12 page-header\">\r\n\t\t\t\t\t\t<h3><\/h3>\r\n\t\t\t\t\t\t<h1>Park Yeri \u00dccret Tarifesi <\/h1>\r\n\t\t\t\t\t\t<p>Ziyaret\u00e7iler i\u00e7in pratik otopark se\u00e7enekleri mevcuttur. \u00dccretler, kal\u0131\u015f s\u00fcresine g\u00f6re de\u011fi\u015fiklik g\u00f6stermekte olup, k\u0131sa s\u00fcreli ve uzun s\u00fcreli park etme se\u00e7enekleri sunulmaktad\u0131r. Detayl\u0131 fiyatland\u0131rma ve m\u00fcsaitlik bilgisi i\u00e7in l\u00fctfen alandaki tabelalar\u0131 inceleyin veya bizimle do\u011frudan ileti\u015fime ge\u00e7in.<\/p>\r\n\t\t\t\t\t<\/div>\r\n\t\t\t\t<\/div>\r\n\t\t\t<\/div>\r\n\t\t<\/div>\r\n\r\n\t\t\r\n\t\t\t\t\t<div class=\"page-content-wrapper\">\r\n\t\t\t\t<div class=\"container\">\r\n\t\t\t\t\t<div class=\"row flex align-i-center justify-c-center\">\r\n\t\t\t\t\t\t<div class=\"cl-10\">\r\n\t\t\t\t\t\t\t<div class=\"page-bg-white\">\r\n\t\t\t\t\t\t\t\t<div class=\"row flex align-i-center justify-c-center\">\r\n\t\t\t\t\t\t\t\t\t<div class=\"cl-12\">\r\n\t\t\t\t\t\t\t\t\t\t<div class=\"parking-prices-list\">\r\n\r\n\t\t\t\t\t\t\t\t\t\t\t\r\n\t\t\t\t\t\t\t\t\t\t\t\t<div class=\"item flex item-legend justify-c-between\">\r\n\t\t\t\t\t\t\t\t\t\t\t\t\t<div class=\"time\"><\/div>\r\n\r\n\t\t\t\t\t\t\t\t\t\t\t\t\t<div class=\"cr align-center\">\r\n\t\t\t\t\t\t\t\t\t\t\t\t\t\t\t\t\t\t\t\t\t\t\t\t\t\t\t\t\tFiyatlar\t\t\t\t\t\t\t\t\t\t\t\t\t\t\t\t\t\t\t\t\t\t\t\t\t\t\t<\/div>\r\n\r\n\t\t\t\t\t\t\t\t\t\t\t\t\t\t\t\t\t\t\t\t\t\t\t\t\t<\/div>\r\n\r\n\t\t\t\t\t\t\t\t\t\t\t\t\t\t\t\t\t\t\t\t\t\t\t\t\t\r\n\t\t\t\t\t\t\t\t\t\t\t\t\t<div class=\"item item-content flex justify-c-between\">\r\n\t\t\t\t\t\t\t\t\t\t\t\t\t\t<div class=\"time\">Yolcu \u0130\u00e7in G\u00fcnl\u00fck Otopark \u00dccreti<\/div>\r\n\t\t\t\t\t\t\t\t\t\t\t\t\t\t<div class=\"cr align-center\">17 $<\/div>\r\n\r\n\t\t\t\t\t\t\t\t\t\t\t\t\t\t\t\t\t\t\t\t\t\t\t\t\t\t\t<\/div>\r\n\t\t\t\t\t\t\t\t\t\t\t\t\t\t\t\t\t\t\t\t\t\t\t\t\t\r\n\t\t\t\t\t\t\t\t\t\t\t\t\t<div class=\"item item-content flex justify-c-between\">\r\n\t\t\t\t\t\t\t\t\t\t\t\t\t\t<div class=\"time\">Otob\u00fcs (Acente \/ Gemi \/ Feribot Operasyon)<\/div>\r\n\t\t\t\t\t\t\t\t\t\t\t\t\t\t<div class=\"cr align-center\">40 $<\/div>\r\n\r\n\t\t\t\t\t\t\t\t\t\t\t\t\t\t\t\t\t\t\t\t\t\t\t\t\t\t\t<\/div>\r\n\t\t\t\t\t\t\t\t\t\t\t\t\t\t\t\t\t\t\t\t\t\t\t\t\t\r\n\t\t\t\t\t\t\t\t\t\t\t\t\t<div class=\"item item-content flex justify-c-between\">\r\n\t\t\t\t\t\t\t\t\t\t\t\t\t\t<div class=\"time\">Midib\u00fcs (Acente \/ Gemi \/ Feribot Operasyon)<\/div>\r\n\t\t\t\t\t\t\t\t\t\t\t\t\t\t<div class=\"cr align-center\">25 $<\/div>\r\n\r\n\t\t\t\t\t\t\t\t\t\t\t\t\t\t\t\t\t\t\t\t\t\t\t\t\t\t\t<\/div>\r\n\t\t\t\t\t\t\t\t\t\t\t\t\t\t\t\t\t\t\t\t\t\t\t\t\t\r\n\t\t\t\t\t\t\t\t\t\t\t\t\t<div class=\"item item-content flex justify-c-between\">\r\n\t\t\t\t\t\t\t\t\t\t\t\t\t\t<div class=\"time\">Minib\u00fcs (Acente \/ Gemi \/ Feribot Operasyon)<\/div>\r\n\t\t\t\t\t\t\t\t\t\t\t\t\t\t<div class=\"cr align-center\">25 $<\/div>\r\n\r\n\t\t\t\t\t\t\t\t\t\t\t\t\t\t\t\t\t\t\t\t\t\t\t\t\t\t\t<\/div>\r\n\t\t\t\t\t\t\t\t\t\t\t\t\t\t\t\t\t\t\t\t\t\t\t\t\t\r\n\t\t\t\t\t\t\t\t\t\t\t\t\t<div class=\"item item-content flex justify-c-between\">\r\n\t\t\t\t\t\t\t\t\t\t\t\t\t\t<div class=\"time\">Jeep (Acente \/ Gemi \/ Feribot Operasyon)<\/div>\r\n\t\t\t\t\t\t\t\t\t\t\t\t\t\t<div class=\"cr align-center\">17 $<\/div>\r\n\r\n\t\t\t\t\t\t\t\t\t\t\t\t\t\t\t\t\t\t\t\t\t\t\t\t\t\t\t<\/div>\r\n\t\t\t\t\t\t\t\t\t\t\t\t\t\t\t\t\t\t\t\t\t\t\t\t\t\r\n\t\t\t\t\t\t\t\t\t\t\t\t\t<div class=\"item item-content flex justify-c-between\">\r\n\t\t\t\t\t\t\t\t\t\t\t\t\t\t<div class=\"time\">Binek Ara\u00e7 (Acente \/ Gemi \/ Feribot Operasyon)<\/div>\r\n\t\t\t\t\t\t\t\t\t\t\t\t\t\t<div class=\"cr align-center\">17 $<\/div>\r\n\r\n\t\t\t\t\t\t\t\t\t\t\t\t\t\t\t\t\t\t\t\t\t\t\t\t\t\t\t<\/div>\r\n\t\t\t\t\t\t\t\t\t\t\t\t\t\t\t\t\t\t\t\t\t\t\t\t\t\r\n\t\t\t\t\t\t\t\t\t\t\t\t\t<div class=\"item item-content flex justify-c-between\">\r\n\t\t\t\t\t\t\t\t\t\t\t\t\t\t<div class=\"time\">Tekne (Acente \/ Gemi \/ Feribot Operasyon)<\/div>\r\n\t\t\t\t\t\t\t\t\t\t\t\t\t\t<div class=\"cr align-center\">40 $<\/div>\r\n\r\n\t\t\t\t\t\t\t\t\t\t\t\t\t\t\t\t\t\t\t\t\t\t\t\t\t\t\t<\/div>\r\n\t\t\t\t\t\t\t\t\t\t\t\t\t\t\t\t\t\t\t\t\t\t\t\t\t\r\n\t\t\t\t\t\t\t\t\t\t\t\t\t<div class=\"item item-content flex justify-c-between\">\r\n\t\t\t\t\t\t\t\t\t\t\t\t\t\t<div class=\"time\">T\u0131r (Acente \/ Gemi \/ Feribot Operasyon)<\/div>\r\n\t\t\t\t\t\t\t\t\t\t\t\t\t\t<div class=\"cr align-center\">150 $<\/div>\r\n\r\n\t\t\t\t\t\t\t\t\t\t\t\t\t\t\t\t\t\t\t\t\t\t\t\t\t\t\t<\/div>\r\n\t\t\t\t\t\t\t\t\t\t\t\t\t\t\t\t\t\t\t\t\t\t\t\t\t\r\n\t\t\t\t\t\t\t\t\t\t\t\t\t<div class=\"item item-content flex justify-c-between\">\r\n\t\t\t\t\t\t\t\t\t\t\t\t\t\t<div class=\"time\">Kamyon (Acente \/ Gemi \/ Feribot Operasyon)<\/div>\r\n\t\t\t\t\t\t\t\t\t\t\t\t\t\t<div class=\"cr align-center\">100 $<\/div>\r\n\r\n\t\t\t\t\t\t\t\t\t\t\t\t\t\t\t\t\t\t\t\t\t\t\t\t\t\t\t<\/div>\r\n\t\t\t\t\t\t\t\t\t\t\t\t\t\t\t\t\t\t\t\t\t\t\t\t\t\r\n\t\t\t\t\t\t\t\t\t\t\t\t\t<div class=\"item item-content flex justify-c-between\">\r\n\t\t\t\t\t\t\t\t\t\t\t\t\t\t<div class=\"time\">Kamyonet (Acente \/ Gemi \/ Feribot Operasyon)<\/div>\r\n\t\t\t\t\t\t\t\t\t\t\t\t\t\t<div class=\"cr align-center\">50 $<\/div>\r\n\r\n\t\t\t\t\t\t\t\t\t\t\t\t\t\t\t\t\t\t\t\t\t\t\t\t\t\t\t<\/div>\r\n\t\t\t\t\t\t\t\t\t\t\t\t\t\t\t\t\t\t\t\t\t\t\t\t\t\r\n\t\t\t\t\t\t\t\t\t\t\t\t\t<div class=\"item item-content flex justify-c-between\">\r\n\t\t\t\t\t\t\t\t\t\t\t\t\t\t<div class=\"time\">T\u0131r (G\u00fcmr\u00fckl\u00fc Saha Ticari Kullan\u0131m)<\/div>\r\n\t\t\t\t\t\t\t\t\t\t\t\t\t\t<div class=\"cr align-center\">250 $<\/div>\r\n\r\n\t\t\t\t\t\t\t\t\t\t\t\t\t\t\t\t\t\t\t\t\t\t\t\t\t\t\t<\/div>\r\n\t\t\t\t\t\t\t\t\t\t\t\t\t\t\t\t\t\t\t\t\t\t\t\t\t\r\n\t\t\t\t\t\t\t\t\t\t\t\t\t<div class=\"item item-content flex justify-c-between\">\r\n\t\t\t\t\t\t\t\t\t\t\t\t\t\t<div class=\"time\">Kamyon (G\u00fcmr\u00fckl\u00fc Saha Ticari Kullan\u0131m)<\/div>\r\n\t\t\t\t\t\t\t\t\t\t\t\t\t\t<div class=\"cr align-center\">250 $<\/div>\r\n\r\n\t\t\t\t\t\t\t\t\t\t\t\t\t\t\t\t\t\t\t\t\t\t\t\t\t\t\t<\/div>\r\n\t\t\t\t\t\t\t\t\t\t\t\t\t\t\t\t\t\t\t\t\t\t\t\t\t\r\n\t\t\t\t\t\t\t\t\t\t\t\t\t<div class=\"item item-content flex justify-c-between\">\r\n\t\t\t\t\t\t\t\t\t\t\t\t\t\t<div class=\"time\">Kamyonet (G\u00fcmr\u00fckl\u00fc Saha Ticari Kullan\u0131m)<\/div>\r\n\t\t\t\t\t\t\t\t\t\t\t\t\t\t<div class=\"cr align-center\">160 $<\/div>\r\n\r\n\t\t\t\t\t\t\t\t\t\t\t\t\t\t\t\t\t\t\t\t\t\t\t\t\t\t\t<\/div>\r\n\t\t\t\t\t\t\t\t\t\t\t\t\t\t\t\t\t\t\t\t\t\t\t\t\t\r\n\t\t\t\t\t\t\t\t\t\t\t\t\t<div class=\"item item-content flex justify-c-between\">\r\n\t\t\t\t\t\t\t\t\t\t\t\t\t\t<div class=\"time\">Binek Ara\u00e7 (G\u00fcmr\u00fckl\u00fc Saha Ticari Kullan\u0131m)<\/div>\r\n\t\t\t\t\t\t\t\t\t\t\t\t\t\t<div class=\"cr align-center\">17 $<\/div>\r\n\r\n\t\t\t\t\t\t\t\t\t\t\t\t\t\t\t\t\t\t\t\t\t\t\t\t\t\t\t<\/div>\r\n\t\t\t\t\t\t\t\t\t\t\t\t\t\t\t\t\t\t\t\t\t\t\t\t\t\r\n\t\t\t\t\t\t\t\t\t\t\t\t\t<div class=\"item item-content flex justify-c-between\">\r\n\t\t\t\t\t\t\t\t\t\t\t\t\t\t<div class=\"time\">Yer Tahsis \u00dccreti (G\u00fcmr\u00fckl\u00fc Saha Ticari Kullan\u0131m)<\/div>\r\n\t\t\t\t\t\t\t\t\t\t\t\t\t\t<div class=\"cr align-center\">750 $<\/div>\r\n\r\n\t\t\t\t\t\t\t\t\t\t\t\t\t\t\t\t\t\t\t\t\t\t\t\t\t\t\t<\/div>\r\n\t\t\t\t\t\t\t\t\t\t\t\t\r\n\t\t\t\t\t\t\t\t\t\t\t\r\n\t\t\t\t\t\t\t\t\t\t<\/div> <!-- .parking-prices-list -->\r\n\t\t\t\t\t\t\t\t\t<\/div>\r\n\t\t\t\t\t\t\t\t<\/div>\r\n\t\t\t\t\t\t\t<\/div>\r\n\t\t\t\t\t\t<\/div>\r\n\t\t\t\t\t<\/div>\r\n\t\t\t\t<\/div>\r\n\t\t\t<\/div>\r\n\t\t\r\n\t<\/section>\r\n\n\n\n\n","protected":false},"excerpt":{"rendered":"","protected":false},"author":1,"featured_media":0,"parent":0,"menu_order":45,"comment_status":"closed","ping_status":"closed","template":"","meta":{"_acf_changed":false,"footnotes":""},"class_list":["post-3375","page","type-page","status-publish","hentry"],"acf":[],"_links":{"self":[{"href":"https:\/\/bodrumcruiseport.com\/tr\/wp-json\/wp\/v2\/pages\/3375","targetHints":{"allow":["GET"]}}],"collection":[{"href":"https:\/\/bodrumcruiseport.com\/tr\/wp-json\/wp\/v2\/pages"}],"about":[{"href":"https:\/\/bodrumcruiseport.com\/tr\/wp-json\/wp\/v2\/types\/page"}],"author":[{"embeddable":true,"href":"https:\/\/bodrumcruiseport.com\/tr\/wp-json\/wp\/v2\/users\/1"}],"replies":[{"embeddable":true,"href":"https:\/\/bodrumcruiseport.com\/tr\/wp-json\/wp\/v2\/comments?post=3375"}],"version-history":[{"count":21,"href":"https:\/\/bodrumcruiseport.com\/tr\/wp-json\/wp\/v2\/pages\/3375\/revisions"}],"predecessor-version":[{"id":11729,"href":"https:\/\/bodrumcruiseport.com\/tr\/wp-json\/wp\/v2\/pages\/3375\/revisions\/11729"}],"wp:attachment":[{"href":"https:\/\/bodrumcruiseport.com\/tr\/wp-json\/wp\/v2\/media?parent=3375"}],"curies":[{"name":"wp","href":"https:\/\/api.w.org\/{rel}","templated":true}]}}