{"id":3351,"date":"2025-03-17T10:03:19","date_gmt":"2025-03-17T10:03:19","guid":{"rendered":"https:\/\/bodrum.globalcruiseports.com\/hse\/"},"modified":"2026-02-27T08:17:22","modified_gmt":"2026-02-27T08:17:22","slug":"saglik-guvenlik-ve-cevre","status":"publish","type":"page","link":"https:\/\/bodrumcruiseport.com\/tr\/saglik-guvenlik-ve-cevre\/","title":{"rendered":"Sa\u011fl\u0131k, G\u00fcvenlik ve \u00c7evre"},"content":{"rendered":"\r\n<style>\r\n.page-content-wrapper{\r\n\t\tz-index: 2;\t\r\n\t}\r\n<\/style>\r\n\r\n<section class=\"section page page-sustainability footer-space-pd page-bg-light  desktop-footer-space-pd hse-menu\">\r\n\t<style>\r\n                .page-header-bg {\r\n                    background-image: url(https:\/\/bodrumcruiseport.com\/wp-content\/uploads\/sites\/33\/2025\/06\/HSE-1.png);\r\n                    background-size: cover;\r\n                    background-position: center;\r\n                }\r\n\t\t\t\t.hero-content{\r\n\t\t\t\t    top: 50%;\r\n    \t\t\t\tposition: absolute;\r\n    \t\t\t\ttransform: translateY(-50%);\r\n\t\t\t\t}\r\n              <\/style><div class=\"page-header-bg pr\">\t<div class=\"container w100\">\r\n\t\t<div class=\"row flex hero-content\">\r\n\t\t\t<div class=\"cl-12 page-header\">\r\n\t\t\t\t<h5 style=\"text-transform:uppercase;\">Sa\u011fl\u0131k, G\u00fcvenlik ve \u00c7evre<\/h5>\r\n\t\t\t\t<h1>Sa\u011fl\u0131k, G\u00fcvenlik ve \u00c7evre<\/h1>\r\n\t\t\t<\/div>\r\n\t\t<\/div>\r\n\t<\/div>\r\n\t<\/div>\r\n\t<div class=\"page-content-wrapper pr\">\r\n\t\t<div class=\"container\">\r\n\t\t\t<div class=\"row flex align-i-center justify-c-center\">\r\n\t\t\t\t<div class=\"cl-10\">\r\n\t\t\t\t\t<div class=\"page-bg-white\">\r\n\t\t\t\t\t\t<div class=\"row flex page-sub-menu\">\r\n\t\t\t\t\t\t\t<div class=\"cl-12\">\r\n\t\t\t\t\t\t\t\t<ul class=\"flex align-i-center justify-c-center\">\r\n\t\t\t\t\t\t\t\t\t\t\t\t\t\t\t\t\t\t\t<li id=\"tabButton1\"\r\n\t\t\t\t\t\t\t\t\t\t\tclass=\"tab-button current-menu-item\">\r\n\t\t\t\t\t\t\t\t\t\t\t<span\r\n\t\t\t\t\t\t\t\t\t\t\t\tonclick=\"showTab('tab1', 'tabButton1')\">Sa\u011fl\u0131k, G\u00fcvenlik ve \u00c7evre<\/span>\r\n\t\t\t\t\t\t\t\t\t\t<\/li>\r\n\t\t\t\t\t\t\t\t\t\t\t\t\t\t\t\t\t<\/ul>\r\n\t\t\t\t\t\t\t<\/div>\r\n\t\t\t\t\t\t<\/div>\r\n\t\t\t\t\t\t<div class=\"row flex\">\r\n\t\t\t\t\t\t\t<div class=\"cl-12\">\r\n\t\t\t\t\t\t\t\t\t\t\t\t\t\t\t\t\t<div id=\"tab1\"\r\n\t\t\t\t\t\t\t\t\t\tclass=\"tab-2-content active-tab\">\r\n\t\t\t\t\t\t\t\t\t\t<h3 class=\"page-title-wrap m-t-0 p-t-0i p-b-30i w-auto\"><span class=\"page-title\">Entegre Y\u00f6netim Sistemi Politikam\u0131z<\/span><\/h3>\n<p>Bodrum Cruise Port k\u00fcresel kruvaziyer sekt\u00f6r\u00fcnde pazarlama ve tedarik edilen hizmetlerde farkl\u0131la\u015fma stratejisi izleyerek &#8220;L\u00fcks Kruvaziyer Turizmi&#8221; nin \u00f6nde gelen \u015firketlerinden biri olmay\u0131 hedefleyen bir liman i\u015fletmecisidir.<\/p>\n<h3 class=\"page-title-wrap m-t-0 p-t-0i p-b-30i w-auto\"><span class=\"page-title\">G\u00fcvenli Turizm Sertifikas\u0131<\/span><\/h3>\n<p>Bodrum Cruise Port, T\u00dcV Austria T\u00fcrk Sertifikasyon E\u011fitim ve G\u00f6zetim Hizmetleri taraf\u0131ndan verilen G\u00fcvenli Turizm Sertifikas\u0131&#8217;n\u0131n ilk sertifikas\u0131n\u0131 ald\u0131. Bu akreditasyon, Bodrum Cruise Port&#8217;un kruvaziyer turizmine g\u00fcvenli bir ba\u015flang\u0131\u00e7 i\u00e7in standartlar\u0131n\u0131n bir kan\u0131t\u0131d\u0131r.<\/p>\n\t\t\t\t\t\t\t\t\t\t\t\t\t\t\t\t\t\t\t\t\t<div class=\"tab-documents\">\r\n\t\t\t\t\t\t\t\t\t\t\t\t\t\t\t\t\t\t\t\t\t\t\t\t\t\t\t\t\t\t\t\t\t\t\t\t\t\t\t<div class=\"tab-document-item flex\">\r\n\t\t\t\t\t\t\t\t\t\t\t\t\t\t\t<div class=\"doc-icon\">\r\n\t\t\t\t\t\t\t\t\t\t\t\t\t\t\t\t<img decoding=\"async\" src=\"https:\/\/bodrumcruiseport.com\/wp-content\/uploads\/sites\/33\/2025\/03\/pdf_icon.svg\" alt=\"Document\" \/>\r\n\t\t\t\t\t\t\t\t\t\t\t\t\t\t\t<\/div>\r\n\t\t\t\t\t\t\t\t\t\t\t\t\t\t\t<div class=\"doc-title\">\r\n\t\t\t\t\t\t\t\t\t\t\t\t\t\t\t\tG\u00fcvenli Turizm\t\t\t\t\t\t\t\t\t\t\t\t\t\t\t<\/div>\r\n\t\t\t\t\t\t\t\t\t\t\t\t\t\t\t<div class=\"doc-get\">\r\n\t\t\t\t\t\t\t\t\t\t\t\t\t\t\t\t<a href=\"https:\/\/bodrumcruiseport.com\/wp-content\/uploads\/sites\/33\/2025\/03\/BODRUM_CRUISE_PORT_TR.pdf\" target=\"_blank\"\r\n\t\t\t\t\t\t\t\t\t\t\t\t\t\t\t\t\tclass=\"primary-color\">\r\n\t\t\t\t\t\t\t\t\t\t\t\t\t\t\t\t\t\u0130ND\u0130R\t\t\t\t\t\t\t\t\t\t\t\t\t\t\t\t\t<svg xmlns=\"http:\/\/www.w3.org\/2000\/svg\" width=\"18.142\"\r\n\t\t\t\t\t\t\t\t\t\t\t\t\t\t\t\t\t\theight=\"18.142\" viewBox=\"0 0 18.142 18.142\"\r\n\t\t\t\t\t\t\t\t\t\t\t\t\t\t\t\t\t\tclass=\"primary-stroke\">\r\n\t\t\t\t\t\t\t\t\t\t\t\t\t\t\t\t\t\t<g id=\"Icon_feather-arrow-up-right\"\r\n\t\t\t\t\t\t\t\t\t\t\t\t\t\t\t\t\t\t\tdata-name=\"Icon feather-arrow-up-right\"\r\n\t\t\t\t\t\t\t\t\t\t\t\t\t\t\t\t\t\t\ttransform=\"translate(30.991 9.071) rotate(135)\">\r\n\t\t\t\t\t\t\t\t\t\t\t\t\t\t\t\t\t\t\t<path id=\"Path_3\" data-name=\"Path 3\" d=\"M10.5,20.5l10-10\"\r\n\t\t\t\t\t\t\t\t\t\t\t\t\t\t\t\t\t\t\t\tfill=\"none\" stroke-linecap=\"round\"\r\n\t\t\t\t\t\t\t\t\t\t\t\t\t\t\t\t\t\t\t\tstroke-linejoin=\"round\" stroke-width=\"2\" \/>\r\n\t\t\t\t\t\t\t\t\t\t\t\t\t\t\t\t\t\t\t<path id=\"Path_4\" data-name=\"Path 4\" d=\"M10.5,10.5h10v10\"\r\n\t\t\t\t\t\t\t\t\t\t\t\t\t\t\t\t\t\t\t\tfill=\"none\" stroke-linecap=\"round\"\r\n\t\t\t\t\t\t\t\t\t\t\t\t\t\t\t\t\t\t\t\tstroke-linejoin=\"round\" stroke-width=\"2\" \/>\r\n\t\t\t\t\t\t\t\t\t\t\t\t\t\t\t\t\t\t<\/g>\r\n\t\t\t\t\t\t\t\t\t\t\t\t\t\t\t\t\t<\/svg>\r\n\t\t\t\t\t\t\t\t\t\t\t\t\t\t\t\t<\/a>\r\n\t\t\t\t\t\t\t\t\t\t\t\t\t\t\t<\/div>\r\n\t\t\t\t\t\t\t\t\t\t\t\t\t\t<\/div>\r\n\t\t\t\t\t\t\t\t\t\t\t\t\t\t\t\t\t\t\t\t\t\t\t\t\t\t\t\t\t\t\t\t\t\t\t\t\t\t\t\t\t\t\t\t\t\t\t\t\t\t\t\t<div class=\"tab-document-item flex\">\r\n\t\t\t\t\t\t\t\t\t\t\t\t\t\t\t<div class=\"doc-icon\">\r\n\t\t\t\t\t\t\t\t\t\t\t\t\t\t\t\t<img decoding=\"async\" src=\"https:\/\/bodrumcruiseport.com\/wp-content\/uploads\/sites\/33\/2025\/03\/pdf_icon.svg\" alt=\"Document\" \/>\r\n\t\t\t\t\t\t\t\t\t\t\t\t\t\t\t<\/div>\r\n\t\t\t\t\t\t\t\t\t\t\t\t\t\t\t<div class=\"doc-title\">\r\n\t\t\t\t\t\t\t\t\t\t\t\t\t\t\t\tISO 45001\t\t\t\t\t\t\t\t\t\t\t\t\t\t\t<\/div>\r\n\t\t\t\t\t\t\t\t\t\t\t\t\t\t\t<div class=\"doc-get\">\r\n\t\t\t\t\t\t\t\t\t\t\t\t\t\t\t\t<a href=\"https:\/\/bodrumcruiseport.com\/wp-content\/uploads\/sites\/33\/2025\/03\/BODRUM-YOLCU-ISO-45001.pdf\" target=\"_blank\"\r\n\t\t\t\t\t\t\t\t\t\t\t\t\t\t\t\t\tclass=\"primary-color\">\r\n\t\t\t\t\t\t\t\t\t\t\t\t\t\t\t\t\t\u0130ND\u0130R\t\t\t\t\t\t\t\t\t\t\t\t\t\t\t\t\t<svg xmlns=\"http:\/\/www.w3.org\/2000\/svg\" width=\"18.142\"\r\n\t\t\t\t\t\t\t\t\t\t\t\t\t\t\t\t\t\theight=\"18.142\" viewBox=\"0 0 18.142 18.142\"\r\n\t\t\t\t\t\t\t\t\t\t\t\t\t\t\t\t\t\tclass=\"primary-stroke\">\r\n\t\t\t\t\t\t\t\t\t\t\t\t\t\t\t\t\t\t<g id=\"Icon_feather-arrow-up-right\"\r\n\t\t\t\t\t\t\t\t\t\t\t\t\t\t\t\t\t\t\tdata-name=\"Icon feather-arrow-up-right\"\r\n\t\t\t\t\t\t\t\t\t\t\t\t\t\t\t\t\t\t\ttransform=\"translate(30.991 9.071) rotate(135)\">\r\n\t\t\t\t\t\t\t\t\t\t\t\t\t\t\t\t\t\t\t<path id=\"Path_3\" data-name=\"Path 3\" d=\"M10.5,20.5l10-10\"\r\n\t\t\t\t\t\t\t\t\t\t\t\t\t\t\t\t\t\t\t\tfill=\"none\" stroke-linecap=\"round\"\r\n\t\t\t\t\t\t\t\t\t\t\t\t\t\t\t\t\t\t\t\tstroke-linejoin=\"round\" stroke-width=\"2\" \/>\r\n\t\t\t\t\t\t\t\t\t\t\t\t\t\t\t\t\t\t\t<path id=\"Path_4\" data-name=\"Path 4\" d=\"M10.5,10.5h10v10\"\r\n\t\t\t\t\t\t\t\t\t\t\t\t\t\t\t\t\t\t\t\tfill=\"none\" stroke-linecap=\"round\"\r\n\t\t\t\t\t\t\t\t\t\t\t\t\t\t\t\t\t\t\t\tstroke-linejoin=\"round\" stroke-width=\"2\" \/>\r\n\t\t\t\t\t\t\t\t\t\t\t\t\t\t\t\t\t\t<\/g>\r\n\t\t\t\t\t\t\t\t\t\t\t\t\t\t\t\t\t<\/svg>\r\n\t\t\t\t\t\t\t\t\t\t\t\t\t\t\t\t<\/a>\r\n\t\t\t\t\t\t\t\t\t\t\t\t\t\t\t<\/div>\r\n\t\t\t\t\t\t\t\t\t\t\t\t\t\t<\/div>\r\n\t\t\t\t\t\t\t\t\t\t\t\t\t\t\t\t\t\t\t\t\t\t\t\t\t\t\t\t\t\t\t\t\t\t\t\t\t\t\t\t\t\t\t\t\t\t\t\t\t\t\t\t<div class=\"tab-document-item flex\">\r\n\t\t\t\t\t\t\t\t\t\t\t\t\t\t\t<div class=\"doc-icon\">\r\n\t\t\t\t\t\t\t\t\t\t\t\t\t\t\t\t<img decoding=\"async\" src=\"https:\/\/bodrumcruiseport.com\/wp-content\/uploads\/sites\/33\/2025\/03\/pdf_icon.svg\" alt=\"Document\" \/>\r\n\t\t\t\t\t\t\t\t\t\t\t\t\t\t\t<\/div>\r\n\t\t\t\t\t\t\t\t\t\t\t\t\t\t\t<div class=\"doc-title\">\r\n\t\t\t\t\t\t\t\t\t\t\t\t\t\t\t\tISO 14001\t\t\t\t\t\t\t\t\t\t\t\t\t\t\t<\/div>\r\n\t\t\t\t\t\t\t\t\t\t\t\t\t\t\t<div class=\"doc-get\">\r\n\t\t\t\t\t\t\t\t\t\t\t\t\t\t\t\t<a href=\"https:\/\/bodrumcruiseport.com\/wp-content\/uploads\/sites\/33\/2025\/03\/BODRUM-YOLCU-ISO-14001.pdf\" target=\"_blank\"\r\n\t\t\t\t\t\t\t\t\t\t\t\t\t\t\t\t\tclass=\"primary-color\">\r\n\t\t\t\t\t\t\t\t\t\t\t\t\t\t\t\t\t\u0130ND\u0130R\t\t\t\t\t\t\t\t\t\t\t\t\t\t\t\t\t<svg xmlns=\"http:\/\/www.w3.org\/2000\/svg\" width=\"18.142\"\r\n\t\t\t\t\t\t\t\t\t\t\t\t\t\t\t\t\t\theight=\"18.142\" viewBox=\"0 0 18.142 18.142\"\r\n\t\t\t\t\t\t\t\t\t\t\t\t\t\t\t\t\t\tclass=\"primary-stroke\">\r\n\t\t\t\t\t\t\t\t\t\t\t\t\t\t\t\t\t\t<g id=\"Icon_feather-arrow-up-right\"\r\n\t\t\t\t\t\t\t\t\t\t\t\t\t\t\t\t\t\t\tdata-name=\"Icon feather-arrow-up-right\"\r\n\t\t\t\t\t\t\t\t\t\t\t\t\t\t\t\t\t\t\ttransform=\"translate(30.991 9.071) rotate(135)\">\r\n\t\t\t\t\t\t\t\t\t\t\t\t\t\t\t\t\t\t\t<path id=\"Path_3\" data-name=\"Path 3\" d=\"M10.5,20.5l10-10\"\r\n\t\t\t\t\t\t\t\t\t\t\t\t\t\t\t\t\t\t\t\tfill=\"none\" stroke-linecap=\"round\"\r\n\t\t\t\t\t\t\t\t\t\t\t\t\t\t\t\t\t\t\t\tstroke-linejoin=\"round\" stroke-width=\"2\" \/>\r\n\t\t\t\t\t\t\t\t\t\t\t\t\t\t\t\t\t\t\t<path id=\"Path_4\" data-name=\"Path 4\" d=\"M10.5,10.5h10v10\"\r\n\t\t\t\t\t\t\t\t\t\t\t\t\t\t\t\t\t\t\t\tfill=\"none\" stroke-linecap=\"round\"\r\n\t\t\t\t\t\t\t\t\t\t\t\t\t\t\t\t\t\t\t\tstroke-linejoin=\"round\" stroke-width=\"2\" \/>\r\n\t\t\t\t\t\t\t\t\t\t\t\t\t\t\t\t\t\t<\/g>\r\n\t\t\t\t\t\t\t\t\t\t\t\t\t\t\t\t\t<\/svg>\r\n\t\t\t\t\t\t\t\t\t\t\t\t\t\t\t\t<\/a>\r\n\t\t\t\t\t\t\t\t\t\t\t\t\t\t\t<\/div>\r\n\t\t\t\t\t\t\t\t\t\t\t\t\t\t<\/div>\r\n\t\t\t\t\t\t\t\t\t\t\t\t\t\t\t\t\t\t\t\t\t\t\t\t\t\t\t\t\t\t\t\t\t\t\t\t\t\t\t\t\t\t\t\t\t\t\t\t\t\t\t\t<div class=\"tab-document-item flex\">\r\n\t\t\t\t\t\t\t\t\t\t\t\t\t\t\t<div class=\"doc-icon\">\r\n\t\t\t\t\t\t\t\t\t\t\t\t\t\t\t\t<img decoding=\"async\" src=\"https:\/\/bodrumcruiseport.com\/wp-content\/uploads\/sites\/33\/2025\/03\/pdf_icon.svg\" alt=\"Document\" \/>\r\n\t\t\t\t\t\t\t\t\t\t\t\t\t\t\t<\/div>\r\n\t\t\t\t\t\t\t\t\t\t\t\t\t\t\t<div class=\"doc-title\">\r\n\t\t\t\t\t\t\t\t\t\t\t\t\t\t\t\tISO 9001\t\t\t\t\t\t\t\t\t\t\t\t\t\t\t<\/div>\r\n\t\t\t\t\t\t\t\t\t\t\t\t\t\t\t<div class=\"doc-get\">\r\n\t\t\t\t\t\t\t\t\t\t\t\t\t\t\t\t<a href=\"https:\/\/bodrumcruiseport.com\/wp-content\/uploads\/sites\/33\/2025\/03\/BODRUM-YOLCU-ISO-9001.pdf\" target=\"_blank\"\r\n\t\t\t\t\t\t\t\t\t\t\t\t\t\t\t\t\tclass=\"primary-color\">\r\n\t\t\t\t\t\t\t\t\t\t\t\t\t\t\t\t\t\u0130ND\u0130R\t\t\t\t\t\t\t\t\t\t\t\t\t\t\t\t\t<svg xmlns=\"http:\/\/www.w3.org\/2000\/svg\" width=\"18.142\"\r\n\t\t\t\t\t\t\t\t\t\t\t\t\t\t\t\t\t\theight=\"18.142\" viewBox=\"0 0 18.142 18.142\"\r\n\t\t\t\t\t\t\t\t\t\t\t\t\t\t\t\t\t\tclass=\"primary-stroke\">\r\n\t\t\t\t\t\t\t\t\t\t\t\t\t\t\t\t\t\t<g id=\"Icon_feather-arrow-up-right\"\r\n\t\t\t\t\t\t\t\t\t\t\t\t\t\t\t\t\t\t\tdata-name=\"Icon feather-arrow-up-right\"\r\n\t\t\t\t\t\t\t\t\t\t\t\t\t\t\t\t\t\t\ttransform=\"translate(30.991 9.071) rotate(135)\">\r\n\t\t\t\t\t\t\t\t\t\t\t\t\t\t\t\t\t\t\t<path id=\"Path_3\" data-name=\"Path 3\" d=\"M10.5,20.5l10-10\"\r\n\t\t\t\t\t\t\t\t\t\t\t\t\t\t\t\t\t\t\t\tfill=\"none\" stroke-linecap=\"round\"\r\n\t\t\t\t\t\t\t\t\t\t\t\t\t\t\t\t\t\t\t\tstroke-linejoin=\"round\" stroke-width=\"2\" \/>\r\n\t\t\t\t\t\t\t\t\t\t\t\t\t\t\t\t\t\t\t<path id=\"Path_4\" data-name=\"Path 4\" d=\"M10.5,10.5h10v10\"\r\n\t\t\t\t\t\t\t\t\t\t\t\t\t\t\t\t\t\t\t\tfill=\"none\" stroke-linecap=\"round\"\r\n\t\t\t\t\t\t\t\t\t\t\t\t\t\t\t\t\t\t\t\tstroke-linejoin=\"round\" stroke-width=\"2\" \/>\r\n\t\t\t\t\t\t\t\t\t\t\t\t\t\t\t\t\t\t<\/g>\r\n\t\t\t\t\t\t\t\t\t\t\t\t\t\t\t\t\t<\/svg>\r\n\t\t\t\t\t\t\t\t\t\t\t\t\t\t\t\t<\/a>\r\n\t\t\t\t\t\t\t\t\t\t\t\t\t\t\t<\/div>\r\n\t\t\t\t\t\t\t\t\t\t\t\t\t\t<\/div>\r\n\t\t\t\t\t\t\t\t\t\t\t\t\t\t\t\t\t\t\t\t\t\t\t\t\t\t\t\t\t\t\t\t\t\t\t\t\t\t\t\t\t\t\t\t\t\t\t\t\t\t\t\t\t\t\t\t\t\t\t\t\t<\/div>\r\n\t\t\t\t\t\t\t\t\t\t\r\n\t\t\t\t\t\t\t\t\t<\/div>\r\n\t\t\t\t\t\t\t\t\t\t\t\t\t\t\t<\/div>\r\n\t\t\t\t\t\t<\/div>\r\n\t\t\t\t\t<\/div>\r\n\t\t\t\t<\/div>\r\n\t\t\t<\/div>\r\n\t\t<\/div>\r\n\t<\/div>\r\n<\/section>","protected":false},"excerpt":{"rendered":"","protected":false},"author":2,"featured_media":0,"parent":0,"menu_order":32,"comment_status":"closed","ping_status":"closed","template":"","meta":{"_acf_changed":false,"footnotes":""},"class_list":["post-3351","page","type-page","status-publish","hentry"],"acf":[],"_links":{"self":[{"href":"https:\/\/bodrumcruiseport.com\/tr\/wp-json\/wp\/v2\/pages\/3351","targetHints":{"allow":["GET"]}}],"collection":[{"href":"https:\/\/bodrumcruiseport.com\/tr\/wp-json\/wp\/v2\/pages"}],"about":[{"href":"https:\/\/bodrumcruiseport.com\/tr\/wp-json\/wp\/v2\/types\/page"}],"author":[{"embeddable":true,"href":"https:\/\/bodrumcruiseport.com\/tr\/wp-json\/wp\/v2\/users\/2"}],"replies":[{"embeddable":true,"href":"https:\/\/bodrumcruiseport.com\/tr\/wp-json\/wp\/v2\/comments?post=3351"}],"version-history":[{"count":7,"href":"https:\/\/bodrumcruiseport.com\/tr\/wp-json\/wp\/v2\/pages\/3351\/revisions"}],"predecessor-version":[{"id":11668,"href":"https:\/\/bodrumcruiseport.com\/tr\/wp-json\/wp\/v2\/pages\/3351\/revisions\/11668"}],"wp:attachment":[{"href":"https:\/\/bodrumcruiseport.com\/tr\/wp-json\/wp\/v2\/media?parent=3351"}],"curies":[{"name":"wp","href":"https:\/\/api.w.org\/{rel}","templated":true}]}}